{"id":16648,"date":"2022-09-08T21:22:32","date_gmt":"2022-09-09T00:22:32","guid":{"rendered":"https:\/\/aeropuertodepuntadeleste.com.uy\/?page_id=16648"},"modified":"2026-01-17T12:15:55","modified_gmt":"2026-01-17T15:15:55","slug":"linhas-aereas","status":"publish","type":"page","link":"https:\/\/aeropuertodepuntadeleste.com.uy\/pt-br\/linhas-aereas\/","title":{"rendered":"Linhas A\u00e9reas"},"content":{"rendered":"\t\t<div data-elementor-type=\"wp-page\" data-elementor-id=\"16648\" class=\"elementor elementor-16648 elementor-12269\" data-elementor-post-type=\"page\">\n\t\t\t\t<div class=\"elementor-element elementor-element-821781e e-flex e-con-boxed e-con e-parent\" data-id=\"821781e\" data-element_type=\"container\" data-e-type=\"container\">\n\t\t\t\t\t<div class=\"e-con-inner\">\n\t\t<div class=\"elementor-element elementor-element-2a52107 e-con-full e-flex e-con e-child\" data-id=\"2a52107\" data-element_type=\"container\" data-e-type=\"container\">\n\t\t\t\t<div class=\"elementor-element elementor-element-70bbcc7 elementor-widget elementor-widget-html\" data-id=\"70bbcc7\" data-element_type=\"widget\" data-e-type=\"widget\" data-widget_type=\"html.default\">\n\t\t\t\t<div class=\"elementor-widget-container\">\n\t\t\t\t\t<div class=\"acordeon-accesible\">\n  <details>\n    <summary>Aerol\u00edneas Argentinas<\/summary>\n    <div class=\"contenido-acordeon\">\n      <section aria-labelledby=\"contact-aerolineas-argentinas\">\n        <p><strong>E-mail:<\/strong> <a href=\"mailto:ventasmvd@aerolineas.com.ar\">ventasmvd@aerolineas.com.ar<\/a><\/p>\n        <p><a href=\"https:\/\/www.aerolineas.com.ar\" target=\"_blank\" rel=\"noopener noreferrer\">Visite o site da Aerol\u00edneas Argentinas<\/a><\/p>\n        <p><strong>WhatsApp:<\/strong> <a href=\"https:\/\/wa.me\/54992274767\">(+549) 92 274 767<\/a><br>\n           Segunda a sexta-feira das 9:00 \u00e0s 18:00<\/p>\n        <p><strong>Telefone:<\/strong> <a href=\"tel:+59826044108\">26044108<\/a><\/p>\n        <p><strong>Endere\u00e7o:<\/strong> Avda. de las Am\u00e9ricas 5120<\/p>\n        <p><strong>Telefone:<\/strong> <a href=\"tel:+59826040013\">(+598) 2604 0013<\/a><\/p>\n        <p><strong>Fax:<\/strong> <a href=\"tel:+59826040011\">(+598) 2604 0011 ramal 108<\/a><\/p>\n      <\/section>\n    <\/div>\n  <\/details>\n\n  <details>\n    <summary>Paranair<\/summary>\n    <div class=\"contenido-acordeon\">\n      <section aria-labelledby=\"contato-paranair\"> \n  <p><strong>Email:<\/strong> <a href=\"mailto:ventas1.uy@paranair.com\">ventas1.uy@paranair.com<\/a><\/p>\n  <p><strong>Central de Atendimento:<\/strong> <a href=\"tel:0004054050\n\">0004054050\n<\/a><\/p>\n  <p><strong>Endere\u00e7o:<\/strong> Saldanha da Gama 3622 escrit\u00f3rio 509, Montevid\u00e9u.<\/p>\n  <p><strong>Hor\u00e1rio de Atendimento:<\/strong> De segunda a sexta-feira das 9h \u00e0s 17h<\/p>\n  <p><a href=\"https:\/\/www.paranair.com\/es-uy\/\" target=\"_blank\" rel=\"noopener noreferrer\">Ir para o site da Paranair<\/a><\/p>\n<\/section>\n    <\/div>\n  <\/details>\n<details>\n    <summary>Azul<\/summary>\n    <div class=\"contenido-acordeon\">\n      <section aria-labelledby=\"contact-azul\">\n        <p><strong>Telefone:<\/strong> <a href=\"tel:+59826040985\">(+598) 2604 0985<\/a><\/p>\n        <p><strong>Central de Atendimento:<\/strong> <a href=\"tel:0004135985192\">000 4135 985 192<\/a><\/p>\n        <p><a href=\"https:\/\/www.voeazul.com.br\" target=\"_blank\" rel=\"noopener noreferrer\">Visite o site da Azul<\/a><\/p>\n      <\/section>\n    <\/div>\n  <\/details>\n  <details>\n    <summary>Gol L\u00edneas Aereas<\/summary>\n    <div class=\"contenido-acordeon\">\n      <section aria-labelledby=\"contact-gol\">\n        <p><strong>Central de Atendimento:<\/strong> <a href=\"tel:0004135985192\">000 4019 0895 (24 hours)<\/a><\/p>\n        <p><a href=\"https:\/\/www.voegol.com.br\/es-ar\/inicio\" target=\"_blank\" rel=\"noopener noreferrer\">Visit o site da Gol<\/a><\/p>\n      <\/section>\n    <\/div>\n  <\/details>\n  \n<\/div>\t\t\t\t<\/div>\n\t\t\t\t<\/div>\n\t\t\t\t<div class=\"elementor-element elementor-element-85e6adb elementor-widget elementor-widget-html\" data-id=\"85e6adb\" data-element_type=\"widget\" data-e-type=\"widget\" data-widget_type=\"html.default\">\n\t\t\t\t<div class=\"elementor-widget-container\">\n\t\t\t\t\t<script>\ndocument.addEventListener('DOMContentLoaded', function() {\n  const accordions = document.querySelectorAll('.acordeon-accesible details');\n\n  accordions.forEach(accordion => {\n    accordion.addEventListener('toggle', (event) => {\n      if (accordion.open) {\n        accordions.forEach(otherAccordion => {\n          if (otherAccordion !== accordion && otherAccordion.open) {\n            otherAccordion.open = false;\n          }\n        });\n      }\n    });\n  });\n});\n<\/script>\t\t\t\t<\/div>\n\t\t\t\t<\/div>\n\t\t\t\t<\/div>\n\t\t\t\t\t<\/div>\n\t\t\t\t<\/div>\n\t\t\t\t<\/div>\n\t\t","protected":false},"excerpt":{"rendered":"<p>Aerol\u00edneas Argentinas E-mail: ventasmvd@aerolineas.com.ar Visite o site da Aerol\u00edneas Argentinas WhatsApp: (+549) 92 274 767 Segunda a sexta-feira das 9:00 \u00e0s 18:00 Telefone: 26044108 Endere\u00e7o: Avda. de las Am\u00e9ricas 5120 Telefone: (+598) 2604 0013 Fax: (+598) 2604 0011 ramal 108 Paranair Email: ventas1.uy@paranair.com Central de Atendimento: 0004054050 Endere\u00e7o: Saldanha da Gama 3622 escrit\u00f3rio 509, Montevid\u00e9u.&hellip;<\/p>\n","protected":false},"author":1,"featured_media":0,"parent":0,"menu_order":0,"comment_status":"closed","ping_status":"closed","template":"","meta":{"_monsterinsights_skip_tracking":false,"_monsterinsights_sitenote_active":false,"_monsterinsights_sitenote_note":"","_monsterinsights_sitenote_category":0,"footnotes":""},"class_list":["post-16648","page","type-page","status-publish","hentry"],"_links":{"self":[{"href":"https:\/\/aeropuertodepuntadeleste.com.uy\/pt-br\/wp-json\/wp\/v2\/pages\/16648","targetHints":{"allow":["GET"]}}],"collection":[{"href":"https:\/\/aeropuertodepuntadeleste.com.uy\/pt-br\/wp-json\/wp\/v2\/pages"}],"about":[{"href":"https:\/\/aeropuertodepuntadeleste.com.uy\/pt-br\/wp-json\/wp\/v2\/types\/page"}],"author":[{"embeddable":true,"href":"https:\/\/aeropuertodepuntadeleste.com.uy\/pt-br\/wp-json\/wp\/v2\/users\/1"}],"replies":[{"embeddable":true,"href":"https:\/\/aeropuertodepuntadeleste.com.uy\/pt-br\/wp-json\/wp\/v2\/comments?post=16648"}],"version-history":[{"count":18,"href":"https:\/\/aeropuertodepuntadeleste.com.uy\/pt-br\/wp-json\/wp\/v2\/pages\/16648\/revisions"}],"predecessor-version":[{"id":19707,"href":"https:\/\/aeropuertodepuntadeleste.com.uy\/pt-br\/wp-json\/wp\/v2\/pages\/16648\/revisions\/19707"}],"wp:attachment":[{"href":"https:\/\/aeropuertodepuntadeleste.com.uy\/pt-br\/wp-json\/wp\/v2\/media?parent=16648"}],"curies":[{"name":"wp","href":"https:\/\/api.w.org\/{rel}","templated":true}]}}