{"id":16656,"date":"2022-09-09T10:36:41","date_gmt":"2022-09-09T13:36:41","guid":{"rendered":"https:\/\/aeropuertodepuntadeleste.com.uy\/?page_id=16656"},"modified":"2022-12-12T08:07:33","modified_gmt":"2022-12-12T11:07:33","slug":"cargo","status":"publish","type":"page","link":"https:\/\/aeropuertodepuntadeleste.com.uy\/pt-br\/cargo\/","title":{"rendered":"Cargo"},"content":{"rendered":"\t\t<div data-elementor-type=\"wp-page\" data-elementor-id=\"16656\" class=\"elementor elementor-16656 elementor-12363\" data-elementor-post-type=\"page\">\n\t\t\t\t\t\t<section class=\"elementor-section elementor-top-section elementor-element elementor-element-1201ebf the7-e-sticky-overlap-yes elementor-hidden-mobile elementor-section-boxed elementor-section-height-default elementor-section-height-default\" data-id=\"1201ebf\" data-element_type=\"section\" data-e-type=\"section\" data-settings=\"{&quot;the7_sticky_row_overlap&quot;:&quot;yes&quot;}\">\n\t\t\t\t\t\t<div class=\"elementor-container elementor-column-gap-no\">\n\t\t\t\t\t<div class=\"elementor-column elementor-col-100 elementor-top-column elementor-element elementor-element-b430189\" data-id=\"b430189\" data-element_type=\"column\" data-e-type=\"column\">\n\t\t\t<div class=\"elementor-widget-wrap elementor-element-populated\">\n\t\t\t\t\t\t<div class=\"elementor-element elementor-element-0eb281c elementor-view-default elementor-widget elementor-widget-icon\" data-id=\"0eb281c\" data-element_type=\"widget\" data-e-type=\"widget\" data-widget_type=\"icon.default\">\n\t\t\t\t<div class=\"elementor-widget-container\">\n\t\t\t\t\t\t\t<div class=\"elementor-icon-wrapper\">\n\t\t\t<div class=\"elementor-icon\">\n\t\t\t<i aria-hidden=\"true\" class=\"fas fa-globe\"><\/i>\t\t\t<\/div>\n\t\t<\/div>\n\t\t\t\t\t\t<\/div>\n\t\t\t\t<\/div>\n\t\t\t\t\t<\/div>\n\t\t<\/div>\n\t\t\t\t\t<\/div>\n\t\t<\/section>\n\t\t\t\t<section class=\"elementor-section elementor-top-section elementor-element elementor-element-f80b86f elementor-section-full_width elementor-section-height-default elementor-section-height-default\" data-id=\"f80b86f\" data-element_type=\"section\" data-e-type=\"section\">\n\t\t\t\t\t\t<div class=\"elementor-container elementor-column-gap-no\">\n\t\t\t\t\t<div class=\"elementor-column elementor-col-50 elementor-top-column elementor-element elementor-element-ca388b2\" data-id=\"ca388b2\" data-element_type=\"column\" data-e-type=\"column\">\n\t\t\t<div class=\"elementor-widget-wrap elementor-element-populated\">\n\t\t\t\t\t\t<div class=\"elementor-element elementor-element-c877a51 elementor-widget elementor-widget-image\" data-id=\"c877a51\" data-element_type=\"widget\" data-e-type=\"widget\" data-widget_type=\"image.default\">\n\t\t\t\t<div class=\"elementor-widget-container\">\n\t\t\t\t\t\t\t\t\t\t\t\t\t\t\t<img data-recalc-dims=\"1\" fetchpriority=\"high\" decoding=\"async\" width=\"1200\" height=\"800\" src=\"https:\/\/i0.wp.com\/aeropuertodepuntadeleste.com.uy\/wp-content\/uploads\/2022\/11\/Latin-America-Cargo-City.jpg?resize=1200%2C800&#038;ssl=1\" class=\"attachment-full size-full wp-image-16290\" alt=\"\" srcset=\"https:\/\/i0.wp.com\/aeropuertodepuntadeleste.com.uy\/wp-content\/uploads\/2022\/11\/Latin-America-Cargo-City.jpg?w=1200&amp;ssl=1 1200w, https:\/\/i0.wp.com\/aeropuertodepuntadeleste.com.uy\/wp-content\/uploads\/2022\/11\/Latin-America-Cargo-City.jpg?resize=300%2C200&amp;ssl=1 300w, https:\/\/i0.wp.com\/aeropuertodepuntadeleste.com.uy\/wp-content\/uploads\/2022\/11\/Latin-America-Cargo-City.jpg?resize=1024%2C683&amp;ssl=1 1024w, https:\/\/i0.wp.com\/aeropuertodepuntadeleste.com.uy\/wp-content\/uploads\/2022\/11\/Latin-America-Cargo-City.jpg?resize=768%2C512&amp;ssl=1 768w\" sizes=\"(max-width: 1200px) 100vw, 1200px\" \/>\t\t\t\t\t\t\t\t\t\t\t\t\t\t\t<\/div>\n\t\t\t\t<\/div>\n\t\t\t\t\t<\/div>\n\t\t<\/div>\n\t\t\t\t<div class=\"elementor-column elementor-col-50 elementor-top-column elementor-element elementor-element-4bfeae4\" data-id=\"4bfeae4\" data-element_type=\"column\" data-e-type=\"column\">\n\t\t\t<div class=\"elementor-widget-wrap elementor-element-populated\">\n\t\t\t\t\t\t<div class=\"elementor-element elementor-element-a0b16bd elementor-widget elementor-widget-text-editor\" data-id=\"a0b16bd\" data-element_type=\"widget\" data-e-type=\"widget\" data-widget_type=\"text-editor.default\">\n\t\t\t\t<div class=\"elementor-widget-container\">\n\t\t\t\t\t\t\t\t\t<h4><strong>Latin America Cargo City<\/strong><\/h4><p><a href=\"https:\/\/latinamericacargocity.com\/\" target=\"_blank\" rel=\"noopener\">https:\/\/latinamericacargocity.com<\/a><\/p><p>Latin America Cargo City es una zona franca log\u00edstica multimodal ubicada dentro del Aeropuerto Internacional de Montevideo y la \u00fanica Zona Franca Aeroportuaria de Am\u00e9rica Latina. Con una soluci\u00f3n integral que abarca un atractivo r\u00e9gimen de exenci\u00f3n de impuestos, infraestructura y sistemas de informaci\u00f3n compatibles con GDP\/GMP, configuraciones log\u00edsticas adaptables que van desde espacio de almacenamiento de pago por uso para operaciones de cross-docking hasta un almac\u00e9n del cliente totalmente propio y operado, Latin America Cargo City brinda la plataforma para una distribuci\u00f3n de \u00faltima milla segura, rentable y orientada a la calidad en Sudam\u00e9rica, colocando siempre la tranquilidad del cliente en el centro de su estrategia organizacional.<\/p><p>La carga puede ser recibida y despachada por tierra, mar o aire, posibilitando las \u00faltimas millas personalizadas, as\u00ed como la posibilidad de realizar cualquier tipo de acondicionamiento o actividad de valor agregado a menos de 200 metros de la pista. Brinda soluciones a clientes de Fortune 1000 y PYMES en una amplia gama de industrias que incluyen farmac\u00e9utica, alta tecnolog\u00eda, repuestos, textiles, entre otras.<\/p>\t\t\t\t\t\t\t\t<\/div>\n\t\t\t\t<\/div>\n\t\t\t\t\t<\/div>\n\t\t<\/div>\n\t\t\t\t\t<\/div>\n\t\t<\/section>\n\t\t\t\t<section class=\"elementor-section elementor-top-section elementor-element elementor-element-70733ac elementor-section-full_width elementor-section-height-default elementor-section-height-default\" data-id=\"70733ac\" data-element_type=\"section\" data-e-type=\"section\">\n\t\t\t\t\t\t<div class=\"elementor-container elementor-column-gap-no\">\n\t\t\t\t\t<div class=\"elementor-column elementor-col-50 elementor-top-column elementor-element elementor-element-fce7837\" data-id=\"fce7837\" data-element_type=\"column\" data-e-type=\"column\">\n\t\t\t<div class=\"elementor-widget-wrap elementor-element-populated\">\n\t\t\t\t\t\t<div class=\"elementor-element elementor-element-1147453 elementor-widget elementor-widget-image\" data-id=\"1147453\" data-element_type=\"widget\" data-e-type=\"widget\" data-widget_type=\"image.default\">\n\t\t\t\t<div class=\"elementor-widget-container\">\n\t\t\t\t\t\t\t\t\t\t\t\t\t\t\t<img data-recalc-dims=\"1\" decoding=\"async\" width=\"1200\" height=\"800\" src=\"https:\/\/i0.wp.com\/aeropuertodepuntadeleste.com.uy\/wp-content\/uploads\/2022\/11\/TCU-aerea.jpg?resize=1200%2C800&#038;ssl=1\" class=\"attachment-full size-full wp-image-16293\" alt=\"\" srcset=\"https:\/\/i0.wp.com\/aeropuertodepuntadeleste.com.uy\/wp-content\/uploads\/2022\/11\/TCU-aerea.jpg?w=1200&amp;ssl=1 1200w, https:\/\/i0.wp.com\/aeropuertodepuntadeleste.com.uy\/wp-content\/uploads\/2022\/11\/TCU-aerea.jpg?resize=300%2C200&amp;ssl=1 300w, https:\/\/i0.wp.com\/aeropuertodepuntadeleste.com.uy\/wp-content\/uploads\/2022\/11\/TCU-aerea.jpg?resize=1024%2C683&amp;ssl=1 1024w, https:\/\/i0.wp.com\/aeropuertodepuntadeleste.com.uy\/wp-content\/uploads\/2022\/11\/TCU-aerea.jpg?resize=768%2C512&amp;ssl=1 768w\" sizes=\"(max-width: 1200px) 100vw, 1200px\" \/>\t\t\t\t\t\t\t\t\t\t\t\t\t\t\t<\/div>\n\t\t\t\t<\/div>\n\t\t\t\t\t<\/div>\n\t\t<\/div>\n\t\t\t\t<div class=\"elementor-column elementor-col-50 elementor-top-column elementor-element elementor-element-170a5a9\" data-id=\"170a5a9\" data-element_type=\"column\" data-e-type=\"column\">\n\t\t\t<div class=\"elementor-widget-wrap elementor-element-populated\">\n\t\t\t\t\t\t<div class=\"elementor-element elementor-element-a589f3f elementor-widget elementor-widget-text-editor\" data-id=\"a589f3f\" data-element_type=\"widget\" data-e-type=\"widget\" data-widget_type=\"text-editor.default\">\n\t\t\t\t<div class=\"elementor-widget-container\">\n\t\t\t\t\t\t\t\t\t<h4><strong style=\"color: var(--the7-h4-color); letter-spacing: var(--the7-h4-letter-spacing); text-transform: var(--the7-h4-text-transform); word-spacing: var(--the7-h4-word-spacing);\">LACC &#8211; TCU<\/strong><\/h4><p><a href=\"https:\/\/www.tcu.com.uy\/\" target=\"_blank\" rel=\"noopener\">https:\/\/www.tcu.com.uy\/<\/a><\/p><p>TCU S.A. opera el 100% de toda la carga a\u00e9rea que llega o sale de Uruguay. Con un equipo compuesto por m\u00e1s de 300 colaboradores directos e indirectos y una operaci\u00f3n las 24 horas del d\u00eda, 7 d\u00edas a la semana, TCU ha adquirido experiencia en el tratamiento de productos de las industrias m\u00e1s diversas. Atiende necesidades de las industrias farmac\u00e9uticas, de alta tecnolog\u00eda, perecederos, textiles, art\u00edculos de lujo entre otros, con especial foco en la mejora continua y poniendo la satisfacci\u00f3n del cliente como centro de su estrategia organizacional. Es un componente activo en la cadena log\u00edstica del Uruguay productivo contribuyendo continuamente con mejoras a nivel de infraestructura, sistemas y procesos en pos de la competitividad del pa\u00eds.<\/p>\t\t\t\t\t\t\t\t<\/div>\n\t\t\t\t<\/div>\n\t\t\t\t\t<\/div>\n\t\t<\/div>\n\t\t\t\t\t<\/div>\n\t\t<\/section>\n\t\t\t\t<\/div>\n\t\t","protected":false},"excerpt":{"rendered":"<p>Latin America Cargo City https:\/\/latinamericacargocity.com Latin America Cargo City es una zona franca log\u00edstica multimodal ubicada dentro del Aeropuerto Internacional de Montevideo y la \u00fanica Zona Franca Aeroportuaria de Am\u00e9rica Latina. Con una soluci\u00f3n integral que abarca un atractivo r\u00e9gimen de exenci\u00f3n de impuestos, infraestructura y sistemas de informaci\u00f3n compatibles con GDP\/GMP, configuraciones log\u00edsticas adaptables&hellip;<\/p>\n","protected":false},"author":1,"featured_media":0,"parent":0,"menu_order":35,"comment_status":"closed","ping_status":"closed","template":"","meta":{"_monsterinsights_skip_tracking":false,"_monsterinsights_sitenote_active":false,"_monsterinsights_sitenote_note":"","_monsterinsights_sitenote_category":0,"footnotes":""},"class_list":["post-16656","page","type-page","status-publish","hentry"],"_links":{"self":[{"href":"https:\/\/aeropuertodepuntadeleste.com.uy\/pt-br\/wp-json\/wp\/v2\/pages\/16656","targetHints":{"allow":["GET"]}}],"collection":[{"href":"https:\/\/aeropuertodepuntadeleste.com.uy\/pt-br\/wp-json\/wp\/v2\/pages"}],"about":[{"href":"https:\/\/aeropuertodepuntadeleste.com.uy\/pt-br\/wp-json\/wp\/v2\/types\/page"}],"author":[{"embeddable":true,"href":"https:\/\/aeropuertodepuntadeleste.com.uy\/pt-br\/wp-json\/wp\/v2\/users\/1"}],"replies":[{"embeddable":true,"href":"https:\/\/aeropuertodepuntadeleste.com.uy\/pt-br\/wp-json\/wp\/v2\/comments?post=16656"}],"version-history":[{"count":0,"href":"https:\/\/aeropuertodepuntadeleste.com.uy\/pt-br\/wp-json\/wp\/v2\/pages\/16656\/revisions"}],"wp:attachment":[{"href":"https:\/\/aeropuertodepuntadeleste.com.uy\/pt-br\/wp-json\/wp\/v2\/media?parent=16656"}],"curies":[{"name":"wp","href":"https:\/\/api.w.org\/{rel}","templated":true}]}}