{"id":16660,"date":"2022-09-09T11:17:09","date_gmt":"2022-09-09T14:17:09","guid":{"rendered":"https:\/\/aeropuertodepuntadeleste.com.uy\/?page_id=16660"},"modified":"2025-10-04T09:22:51","modified_gmt":"2025-10-04T12:22:51","slug":"destinos-diretos","status":"publish","type":"page","link":"https:\/\/aeropuertodepuntadeleste.com.uy\/pt-br\/destinos-diretos\/","title":{"rendered":"Destinos Diretos"},"content":{"rendered":"\t\t<div data-elementor-type=\"wp-page\" data-elementor-id=\"16660\" class=\"elementor elementor-16660 elementor-12431\" data-elementor-post-type=\"page\">\n\t\t\t\t<div class=\"elementor-element elementor-element-614ee33 e-flex e-con-boxed e-con e-parent\" data-id=\"614ee33\" data-element_type=\"container\" data-e-type=\"container\">\n\t\t\t\t\t<div class=\"e-con-inner\">\n\t\t<div class=\"elementor-element elementor-element-4275785 e-con-full e-flex e-con e-child\" data-id=\"4275785\" data-element_type=\"container\" data-e-type=\"container\">\n\t\t\t\t<div class=\"elementor-element elementor-element-7ad0dcb elementor-widget elementor-widget-image\" data-id=\"7ad0dcb\" data-element_type=\"widget\" data-e-type=\"widget\" data-widget_type=\"image.default\">\n\t\t\t\t<div class=\"elementor-widget-container\">\n\t\t\t\t\t\t\t\t\t\t\t\t\t\t\t<img data-recalc-dims=\"1\" fetchpriority=\"high\" decoding=\"async\" width=\"1135\" height=\"600\" src=\"https:\/\/i0.wp.com\/aeropuertodepuntadeleste.com.uy\/wp-content\/uploads\/2025\/10\/MAPA_AIPDE_Destinos_Directos_2025-en.png?resize=1135%2C600&#038;ssl=1\" class=\"attachment-full size-full wp-image-19562\" alt=\"\" srcset=\"https:\/\/i0.wp.com\/aeropuertodepuntadeleste.com.uy\/wp-content\/uploads\/2025\/10\/MAPA_AIPDE_Destinos_Directos_2025-en.png?w=1135&amp;ssl=1 1135w, https:\/\/i0.wp.com\/aeropuertodepuntadeleste.com.uy\/wp-content\/uploads\/2025\/10\/MAPA_AIPDE_Destinos_Directos_2025-en.png?resize=300%2C159&amp;ssl=1 300w, https:\/\/i0.wp.com\/aeropuertodepuntadeleste.com.uy\/wp-content\/uploads\/2025\/10\/MAPA_AIPDE_Destinos_Directos_2025-en.png?resize=1024%2C541&amp;ssl=1 1024w, https:\/\/i0.wp.com\/aeropuertodepuntadeleste.com.uy\/wp-content\/uploads\/2025\/10\/MAPA_AIPDE_Destinos_Directos_2025-en.png?resize=768%2C406&amp;ssl=1 768w\" sizes=\"(max-width: 1135px) 100vw, 1135px\" \/>\t\t\t\t\t\t\t\t\t\t\t\t\t\t\t<\/div>\n\t\t\t\t<\/div>\n\t\t\t\t<div class=\"elementor-element elementor-element-4523c8f elementor-widget elementor-widget-spacer\" data-id=\"4523c8f\" data-element_type=\"widget\" data-e-type=\"widget\" data-widget_type=\"spacer.default\">\n\t\t\t\t<div class=\"elementor-widget-container\">\n\t\t\t\t\t\t\t<div class=\"elementor-spacer\">\n\t\t\t<div class=\"elementor-spacer-inner\"><\/div>\n\t\t<\/div>\n\t\t\t\t\t\t<\/div>\n\t\t\t\t<\/div>\n\t\t\t\t<\/div>\n\t\t\t\t\t<\/div>\n\t\t\t\t<\/div>\n\t\t<div class=\"elementor-element elementor-element-0659d1a e-flex e-con-boxed e-con e-parent\" data-id=\"0659d1a\" data-element_type=\"container\" data-e-type=\"container\">\n\t\t\t\t\t<div class=\"e-con-inner\">\n\t\t\t\t<div class=\"elementor-element elementor-element-e652832 elementor-widget elementor-widget-html\" data-id=\"e652832\" data-element_type=\"widget\" data-e-type=\"widget\" data-widget_type=\"html.default\">\n\t\t\t\t<div class=\"elementor-widget-container\">\n\t\t\t\t\t <article>\n                <h4>Mapa de Destinos Diretos 2025 - Aeroporto de Punta del Este (AIPDE)<\/h4>\n                <ul>\n                    <li><strong>Bs As, Argentina:<\/strong> Aerol\u00edneas Argentinas, GOL*<\/li>\n                    <li><strong>Sao Paulo, Brazil:<\/strong> GOL*, Azul, Aerol\u00edneas Argentinas*<\/li>\n                    <li><strong>Porto Alegre, Brazil:<\/strong> Aerol\u00edneas Argentinas*<\/li>\n                    <li><strong>C\u00f3rdoba, Argentina:<\/strong> Aerol\u00edneas Argentinas*<\/li>\n                    <li><strong>Asunci\u00f3n, Paraguay:<\/strong> Paranair*<\/li>\n                <\/ul>\n                <div class=\"notes\">\n                    <p>* Temporada de ver\u00e3o de 2026<\/p>\n                <\/div>\n            <\/article>\t\t\t\t<\/div>\n\t\t\t\t<\/div>\n\t\t\t\t\t<\/div>\n\t\t\t\t<\/div>\n\t\t\t\t<\/div>\n\t\t","protected":false},"excerpt":{"rendered":"<p>Mapa de Destinos Diretos 2025 &#8211; Aeroporto de Punta del Este (AIPDE) Bs As, Argentina: Aerol\u00edneas Argentinas, GOL* Sao Paulo, Brazil: GOL*, Azul, Aerol\u00edneas Argentinas* Porto Alegre, Brazil: Aerol\u00edneas Argentinas* C\u00f3rdoba, Argentina: Aerol\u00edneas Argentinas* Asunci\u00f3n, Paraguay: Paranair* * Temporada de ver\u00e3o de 2026<\/p>\n","protected":false},"author":1,"featured_media":0,"parent":0,"menu_order":35,"comment_status":"closed","ping_status":"closed","template":"","meta":{"_monsterinsights_skip_tracking":false,"_monsterinsights_sitenote_active":false,"_monsterinsights_sitenote_note":"","_monsterinsights_sitenote_category":0,"footnotes":""},"class_list":["post-16660","page","type-page","status-publish","hentry"],"_links":{"self":[{"href":"https:\/\/aeropuertodepuntadeleste.com.uy\/pt-br\/wp-json\/wp\/v2\/pages\/16660","targetHints":{"allow":["GET"]}}],"collection":[{"href":"https:\/\/aeropuertodepuntadeleste.com.uy\/pt-br\/wp-json\/wp\/v2\/pages"}],"about":[{"href":"https:\/\/aeropuertodepuntadeleste.com.uy\/pt-br\/wp-json\/wp\/v2\/types\/page"}],"author":[{"embeddable":true,"href":"https:\/\/aeropuertodepuntadeleste.com.uy\/pt-br\/wp-json\/wp\/v2\/users\/1"}],"replies":[{"embeddable":true,"href":"https:\/\/aeropuertodepuntadeleste.com.uy\/pt-br\/wp-json\/wp\/v2\/comments?post=16660"}],"version-history":[{"count":9,"href":"https:\/\/aeropuertodepuntadeleste.com.uy\/pt-br\/wp-json\/wp\/v2\/pages\/16660\/revisions"}],"predecessor-version":[{"id":19572,"href":"https:\/\/aeropuertodepuntadeleste.com.uy\/pt-br\/wp-json\/wp\/v2\/pages\/16660\/revisions\/19572"}],"wp:attachment":[{"href":"https:\/\/aeropuertodepuntadeleste.com.uy\/pt-br\/wp-json\/wp\/v2\/media?parent=16660"}],"curies":[{"name":"wp","href":"https:\/\/api.w.org\/{rel}","templated":true}]}}