{"id":16664,"date":"2022-09-11T16:48:43","date_gmt":"2022-09-11T19:48:43","guid":{"rendered":"https:\/\/aeropuertodepuntadeleste.com.uy\/?page_id=16664"},"modified":"2025-08-02T12:48:59","modified_gmt":"2025-08-02T15:48:59","slug":"institucional","status":"publish","type":"page","link":"https:\/\/aeropuertodepuntadeleste.com.uy\/pt-br\/institucional\/","title":{"rendered":"Institucional"},"content":{"rendered":"\t\t<div data-elementor-type=\"wp-page\" data-elementor-id=\"16664\" class=\"elementor elementor-16664 elementor-12931\" data-elementor-post-type=\"page\">\n\t\t\t\t<div class=\"elementor-element elementor-element-76c27be e-flex e-con-boxed e-con e-parent\" data-id=\"76c27be\" data-element_type=\"container\" data-e-type=\"container\">\n\t\t\t\t\t<div class=\"e-con-inner\">\n\t\t<div class=\"elementor-element elementor-element-b9129b3 e-con-full e-flex e-con e-child\" data-id=\"b9129b3\" data-element_type=\"container\" data-e-type=\"container\">\n\t\t\t\t<div class=\"elementor-element elementor-element-184ee5a elementor-invisible elementor-widget elementor-widget-heading\" data-id=\"184ee5a\" data-element_type=\"widget\" data-e-type=\"widget\" data-settings=\"{&quot;_animation&quot;:&quot;fadeInUp&quot;}\" data-widget_type=\"heading.default\">\n\t\t\t\t<div class=\"elementor-widget-container\">\n\t\t\t\t\t<h2 class=\"elementor-heading-title elementor-size-default\">Aproximamos o Uruguai ao mundo<\/h2>\t\t\t\t<\/div>\n\t\t\t\t<\/div>\n\t\t\t\t<div class=\"elementor-element elementor-element-11a44f6 elementor-widget elementor-widget-spacer\" data-id=\"11a44f6\" data-element_type=\"widget\" data-e-type=\"widget\" data-widget_type=\"spacer.default\">\n\t\t\t\t<div class=\"elementor-widget-container\">\n\t\t\t\t\t\t\t<div class=\"elementor-spacer\">\n\t\t\t<div class=\"elementor-spacer-inner\"><\/div>\n\t\t<\/div>\n\t\t\t\t\t\t<\/div>\n\t\t\t\t<\/div>\n\t\t\t\t<div class=\"elementor-element elementor-element-ecad6bc elementor-widget elementor-widget-text-editor\" data-id=\"ecad6bc\" data-element_type=\"widget\" data-e-type=\"widget\" data-widget_type=\"text-editor.default\">\n\t\t\t\t<div class=\"elementor-widget-container\">\n\t\t\t\t\t\t\t\t\t<p class=\"p1\"><span class=\"s1\"><i>O Aeroporto de Punta del Este C\/C Carlos A. Curbelo, \u00e9 a porta de entrada para o destino tur\u00edstico mais importante da regi\u00e3o. Localizado na Laguna del Sauce, a apenas 20 quil\u00f4metros da pen\u00ednsula de Punta del Este, \u00e9 o principal terminal de avia\u00e7\u00e3o geral do pa\u00eds.<\/i><i><\/i><\/span><\/p><p class=\"p1\"><span class=\"s1\">Com uma infraestrutura aeroportu\u00e1ria de primeira linha, o Aeroporto de Punta del Este recebeu a certifica\u00e7\u00e3o de aer\u00f3dromo em 2022, o que garante os mais altos padr\u00f5es de seguran\u00e7a operacional. Este possui um terminal comercial de passageiros, obra do renomado arquiteto uruguaio Carlos Ott, e um terminal exclusivo para avia\u00e7\u00e3o geral, al\u00e9m de uma pista de 2133 metros de comprimento e 45 metros de largura.<\/span><\/p><p class=\"p1\"><span class=\"s1\">Por meio de uma variedade de servi\u00e7os e foco na experi\u00eancia do passageiro, o Aeroporto oferece o mais alto n\u00edvel de servi\u00e7o aos milhares de passageiros que escolhem o destino ao longo do ano.<\/span><\/p><p class=\"p1\"><span class=\"s1\">O Aeroporto de Punta del Este faz parte da rede Aeroportos Uruguay, composta pelos Aeroportos de Carrasco, Carmelo, Rivera, Salto, Melo, Paysand\u00fa e Durazno, e parte do grupo global Corpora\u00e7\u00e3o Am\u00e9rica Airports.<\/span><\/p>\t\t\t\t\t\t\t\t<\/div>\n\t\t\t\t<\/div>\n\t\t\t\t<\/div>\n\t\t\t\t\t<\/div>\n\t\t\t\t<\/div>\n\t\t<div class=\"elementor-element elementor-element-84e7d6f e-flex e-con-boxed e-con e-parent\" data-id=\"84e7d6f\" data-element_type=\"container\" data-e-type=\"container\">\n\t\t\t\t\t<div class=\"e-con-inner\">\n\t\t<div class=\"elementor-element elementor-element-b53375b e-con-full e-flex e-con e-child\" data-id=\"b53375b\" data-element_type=\"container\" data-e-type=\"container\">\n\t\t\t\t<div class=\"elementor-element elementor-element-5ae706d elementor-align-center elementor-widget elementor-widget-button\" data-id=\"5ae706d\" data-element_type=\"widget\" data-e-type=\"widget\" data-widget_type=\"button.default\">\n\t\t\t\t<div class=\"elementor-widget-container\">\n\t\t\t\t\t\t\t\t\t<div class=\"elementor-button-wrapper\">\n\t\t\t\t\t<a class=\"elementor-button elementor-button-link elementor-size-lg\" href=\"https:\/\/etica.resguarda.com\/INTEGRITYLINE\/ur\/company\/caisa\/pt.html\" target=\"_blank\" aria-labelabra=\"\">\n\t\t\t\t\t\t<span class=\"elementor-button-content-wrapper\">\n\t\t\t\t\t\t<span class=\"elementor-button-icon\">\n\t\t\t\t<i aria-hidden=\"true\" class=\"far fa-arrow-alt-circle-right\"><\/i>\t\t\t<\/span>\n\t\t\t\t\t\t\t\t\t<span class=\"elementor-button-text\">Canal de Den\u00fancias e Linha de \u00c9tica<\/span>\n\t\t\t\t\t<\/span>\n\t\t\t\t\t<\/a>\n\t\t\t\t<\/div>\n\t\t\t\t\t\t\t\t<\/div>\n\t\t\t\t<\/div>\n\t\t\t\t<div class=\"elementor-element elementor-element-7322861 elementor-widget elementor-widget-spacer\" data-id=\"7322861\" data-element_type=\"widget\" data-e-type=\"widget\" data-widget_type=\"spacer.default\">\n\t\t\t\t<div class=\"elementor-widget-container\">\n\t\t\t\t\t\t\t<div class=\"elementor-spacer\">\n\t\t\t<div class=\"elementor-spacer-inner\"><\/div>\n\t\t<\/div>\n\t\t\t\t\t\t<\/div>\n\t\t\t\t<\/div>\n\t\t\t\t<\/div>\n\t\t<div class=\"elementor-element elementor-element-fe75175 e-con-full e-flex e-con e-child\" data-id=\"fe75175\" data-element_type=\"container\" data-e-type=\"container\">\n\t\t\t\t<div class=\"elementor-element elementor-element-01e3c71 elementor-align-center elementor-widget elementor-widget-button\" data-id=\"01e3c71\" data-element_type=\"widget\" data-e-type=\"widget\" data-widget_type=\"button.default\">\n\t\t\t\t<div class=\"elementor-widget-container\">\n\t\t\t\t\t\t\t\t\t<div class=\"elementor-button-wrapper\">\n\t\t\t\t\t<a class=\"elementor-button elementor-button-link elementor-size-lg\" href=\"https:\/\/aeropuertodepuntadeleste.com.uy\/wp-content\/uploads\/2023\/02\/Politica-de-Calidad-3.pdf\" target=\"_blank\" aria-labelbaixar=\"\">\n\t\t\t\t\t\t<span class=\"elementor-button-content-wrapper\">\n\t\t\t\t\t\t<span class=\"elementor-button-icon\">\n\t\t\t\t<i aria-hidden=\"true\" class=\"far fa-arrow-alt-circle-right\"><\/i>\t\t\t<\/span>\n\t\t\t\t\t\t\t\t\t<span class=\"elementor-button-text\">Pol\u00edtica de Qualidade<\/span>\n\t\t\t\t\t<\/span>\n\t\t\t\t\t<\/a>\n\t\t\t\t<\/div>\n\t\t\t\t\t\t\t\t<\/div>\n\t\t\t\t<\/div>\n\t\t\t\t<div class=\"elementor-element elementor-element-e6fe22f elementor-widget elementor-widget-spacer\" data-id=\"e6fe22f\" data-element_type=\"widget\" data-e-type=\"widget\" data-widget_type=\"spacer.default\">\n\t\t\t\t<div class=\"elementor-widget-container\">\n\t\t\t\t\t\t\t<div class=\"elementor-spacer\">\n\t\t\t<div class=\"elementor-spacer-inner\"><\/div>\n\t\t<\/div>\n\t\t\t\t\t\t<\/div>\n\t\t\t\t<\/div>\n\t\t\t\t<\/div>\n\t\t\t\t\t<\/div>\n\t\t\t\t<\/div>\n\t\t\t\t<\/div>\n\t\t","protected":false},"excerpt":{"rendered":"<p>Aproximamos o Uruguai ao mundo O Aeroporto de Punta del Este C\/C Carlos A. Curbelo, \u00e9 a porta de entrada para o destino tur\u00edstico mais importante da regi\u00e3o. Localizado na Laguna del Sauce, a apenas 20 quil\u00f4metros da pen\u00ednsula de Punta del Este, \u00e9 o principal terminal de avia\u00e7\u00e3o geral do pa\u00eds. Com uma infraestrutura&hellip;<\/p>\n","protected":false},"author":1,"featured_media":0,"parent":0,"menu_order":35,"comment_status":"closed","ping_status":"closed","template":"","meta":{"_monsterinsights_skip_tracking":false,"_monsterinsights_sitenote_active":false,"_monsterinsights_sitenote_note":"","_monsterinsights_sitenote_category":0,"footnotes":""},"class_list":["post-16664","page","type-page","status-publish","hentry"],"_links":{"self":[{"href":"https:\/\/aeropuertodepuntadeleste.com.uy\/pt-br\/wp-json\/wp\/v2\/pages\/16664","targetHints":{"allow":["GET"]}}],"collection":[{"href":"https:\/\/aeropuertodepuntadeleste.com.uy\/pt-br\/wp-json\/wp\/v2\/pages"}],"about":[{"href":"https:\/\/aeropuertodepuntadeleste.com.uy\/pt-br\/wp-json\/wp\/v2\/types\/page"}],"author":[{"embeddable":true,"href":"https:\/\/aeropuertodepuntadeleste.com.uy\/pt-br\/wp-json\/wp\/v2\/users\/1"}],"replies":[{"embeddable":true,"href":"https:\/\/aeropuertodepuntadeleste.com.uy\/pt-br\/wp-json\/wp\/v2\/comments?post=16664"}],"version-history":[{"count":6,"href":"https:\/\/aeropuertodepuntadeleste.com.uy\/pt-br\/wp-json\/wp\/v2\/pages\/16664\/revisions"}],"predecessor-version":[{"id":19426,"href":"https:\/\/aeropuertodepuntadeleste.com.uy\/pt-br\/wp-json\/wp\/v2\/pages\/16664\/revisions\/19426"}],"wp:attachment":[{"href":"https:\/\/aeropuertodepuntadeleste.com.uy\/pt-br\/wp-json\/wp\/v2\/media?parent=16664"}],"curies":[{"name":"wp","href":"https:\/\/api.w.org\/{rel}","templated":true}]}}