{"id":16670,"date":"2022-09-09T10:35:08","date_gmt":"2022-09-09T13:35:08","guid":{"rendered":"https:\/\/aeropuertodepuntadeleste.com.uy\/?page_id=16670"},"modified":"2026-03-31T18:41:51","modified_gmt":"2026-03-31T21:41:51","slug":"estacionamento","status":"publish","type":"page","link":"https:\/\/aeropuertodepuntadeleste.com.uy\/pt-br\/estacionamento\/","title":{"rendered":"Estacionamento"},"content":{"rendered":"\t\t<div data-elementor-type=\"wp-page\" data-elementor-id=\"16670\" class=\"elementor elementor-16670 elementor-12361\" data-elementor-post-type=\"page\">\n\t\t\t\t<div class=\"elementor-element elementor-element-a07667d e-con-full e-flex e-con e-parent\" data-id=\"a07667d\" data-element_type=\"container\" data-e-type=\"container\">\n\t\t\t\t<div class=\"elementor-element elementor-element-98de807 elementor-widget elementor-widget-image\" data-id=\"98de807\" data-element_type=\"widget\" data-e-type=\"widget\" data-widget_type=\"image.default\">\n\t\t\t\t<div class=\"elementor-widget-container\">\n\t\t\t\t\t\t\t\t\t\t\t\t\t\t\t<img data-recalc-dims=\"1\" fetchpriority=\"high\" decoding=\"async\" width=\"1200\" height=\"281\" src=\"https:\/\/i0.wp.com\/aeropuertodepuntadeleste.com.uy\/wp-content\/uploads\/2022\/12\/img_a_28.jpg?resize=1200%2C281&#038;ssl=1\" class=\"attachment-full size-full wp-image-16518\" alt=\"Vista externa do Aeroporto de Punta del Este, \u00e1rea de desembarque\" srcset=\"https:\/\/i0.wp.com\/aeropuertodepuntadeleste.com.uy\/wp-content\/uploads\/2022\/12\/img_a_28.jpg?w=1920&amp;ssl=1 1920w, https:\/\/i0.wp.com\/aeropuertodepuntadeleste.com.uy\/wp-content\/uploads\/2022\/12\/img_a_28.jpg?resize=300%2C70&amp;ssl=1 300w, https:\/\/i0.wp.com\/aeropuertodepuntadeleste.com.uy\/wp-content\/uploads\/2022\/12\/img_a_28.jpg?resize=1024%2C240&amp;ssl=1 1024w, https:\/\/i0.wp.com\/aeropuertodepuntadeleste.com.uy\/wp-content\/uploads\/2022\/12\/img_a_28.jpg?resize=768%2C180&amp;ssl=1 768w, https:\/\/i0.wp.com\/aeropuertodepuntadeleste.com.uy\/wp-content\/uploads\/2022\/12\/img_a_28.jpg?resize=1536%2C360&amp;ssl=1 1536w\" sizes=\"(max-width: 1920px) 100vw, 1920px\" \/>\t\t\t\t\t\t\t\t\t\t\t\t\t\t\t<\/div>\n\t\t\t\t<\/div>\n\t\t\t\t<\/div>\n\t\t<div class=\"elementor-element elementor-element-b546d8b e-flex e-con-boxed e-con e-parent\" data-id=\"b546d8b\" data-element_type=\"container\" data-e-type=\"container\">\n\t\t\t\t\t<div class=\"e-con-inner\">\n\t\t<div class=\"elementor-element elementor-element-c298d8e e-con-full e-flex e-con e-child\" data-id=\"c298d8e\" data-element_type=\"container\" data-e-type=\"container\">\n\t\t\t\t<div class=\"elementor-element elementor-element-9a08dfa elementor-align-center elementor-widget elementor-widget-button\" data-id=\"9a08dfa\" data-element_type=\"widget\" data-e-type=\"widget\" data-widget_type=\"button.default\">\n\t\t\t\t<div class=\"elementor-widget-container\">\n\t\t\t\t\t\t\t\t\t<div class=\"elementor-button-wrapper\">\n\t\t\t\t\t<a class=\"elementor-button elementor-button-link elementor-size-sm\" href=\"https:\/\/aeroshop.com.uy\/punta-del-este\/categoria-producto\/parking\/\" target=\"_blank\">\n\t\t\t\t\t\t<span class=\"elementor-button-content-wrapper\">\n\t\t\t\t\t\t\t\t\t<span class=\"elementor-button-text\">Compre seu cupom de longa perman\u00eancia aqui.<\/span>\n\t\t\t\t\t<\/span>\n\t\t\t\t\t<\/a>\n\t\t\t\t<\/div>\n\t\t\t\t\t\t\t\t<\/div>\n\t\t\t\t<\/div>\n\t\t\t\t<div class=\"elementor-element elementor-element-2113eaa elementor-widget elementor-widget-heading\" data-id=\"2113eaa\" data-element_type=\"widget\" data-e-type=\"widget\" data-widget_type=\"heading.default\">\n\t\t\t\t<div class=\"elementor-widget-container\">\n\t\t\t\t\t<h2 class=\"elementor-heading-title elementor-size-default\">Pague seu t\u00edquete de estacionamento dentro do Terminal A\u00e9reo, caso necessite de nota fiscal com RUT, solicite-a antes da emiss\u00e3o. Ter\u00e1 15 minutos at\u00e9 ao controlo de sa\u00edda, onde dever\u00e1 apresentar o seu bilhete ao leitor de c\u00f3digo de barras, para abertura das barreiras de acesso.<\/h2>\t\t\t\t<\/div>\n\t\t\t\t<\/div>\n\t\t\t\t<\/div>\n\t\t\t\t\t<\/div>\n\t\t\t\t<\/div>\n\t\t<div class=\"elementor-element elementor-element-c7e9004 e-flex e-con-boxed e-con e-parent\" data-id=\"c7e9004\" data-element_type=\"container\" data-e-type=\"container\">\n\t\t\t\t\t<div class=\"e-con-inner\">\n\t\t<div class=\"elementor-element elementor-element-7e47413 e-con-full e-flex e-con e-child\" data-id=\"7e47413\" data-element_type=\"container\" data-e-type=\"container\">\n\t\t\t\t<div class=\"elementor-element elementor-element-fb6d028 elementor-widget elementor-widget-heading\" data-id=\"fb6d028\" data-element_type=\"widget\" data-e-type=\"widget\" data-widget_type=\"heading.default\">\n\t\t\t\t<div class=\"elementor-widget-container\">\n\t\t\t\t\t<h2 class=\"elementor-heading-title elementor-size-default\">TARIFAS<\/br><\/br>\nCarros - Taxis - Remises - Mini\u00f3mnibus - \u00d3nibus - Alugel de veiculos e Caminhoes<\/h2>\t\t\t\t<\/div>\n\t\t\t\t<\/div>\n\t\t\t\t<div class=\"elementor-element elementor-element-1033612 elementor-widget elementor-widget-spacer\" data-id=\"1033612\" data-element_type=\"widget\" data-e-type=\"widget\" data-widget_type=\"spacer.default\">\n\t\t\t\t<div class=\"elementor-widget-container\">\n\t\t\t\t\t\t\t<div class=\"elementor-spacer\">\n\t\t\t<div class=\"elementor-spacer-inner\"><\/div>\n\t\t<\/div>\n\t\t\t\t\t\t<\/div>\n\t\t\t\t<\/div>\n\t\t\t\t<\/div>\n\t\t\t\t\t<\/div>\n\t\t\t\t<\/div>\n\t\t<div class=\"elementor-element elementor-element-ed19440 e-flex e-con-boxed e-con e-parent\" data-id=\"ed19440\" data-element_type=\"container\" data-e-type=\"container\">\n\t\t\t\t\t<div class=\"e-con-inner\">\n\t\t<div class=\"elementor-element elementor-element-7de3e30 e-con-full e-flex e-con e-child\" data-id=\"7de3e30\" data-element_type=\"container\" data-e-type=\"container\">\n\t\t\t\t<div class=\"elementor-element elementor-element-b585624 elementor-widget elementor-widget-text-editor\" data-id=\"b585624\" data-element_type=\"widget\" data-e-type=\"widget\" data-widget_type=\"text-editor.default\">\n\t\t\t\t<div class=\"elementor-widget-container\">\n\t\t\t\t\t\t\t\t\t<table width=\"484\"><tbody><tr><td width=\"243\"><strong>Tempo<\/strong><\/td><td width=\"150\"><strong>Taxa (UYU)<\/strong><\/td><\/tr><tr><td>At\u00e9 15 minutos<\/td><td>Sem cargo<\/td><\/tr><tr><td>A cada 30 minutos<\/td><td>$ 120<\/td><\/tr><tr><td>Estad\u00eda (24 horas)<\/td><td>$ 960<\/td><\/tr><\/tbody><\/table>\t\t\t\t\t\t\t\t<\/div>\n\t\t\t\t<\/div>\n\t\t\t\t<\/div>\n\t\t\t\t\t<\/div>\n\t\t\t\t<\/div>\n\t\t<div class=\"elementor-element elementor-element-2736625 e-flex e-con-boxed e-con e-parent\" data-id=\"2736625\" data-element_type=\"container\" data-e-type=\"container\">\n\t\t\t\t\t<div class=\"e-con-inner\">\n\t\t<div class=\"elementor-element elementor-element-9a949a4 e-con-full e-flex e-con e-child\" data-id=\"9a949a4\" data-element_type=\"container\" data-e-type=\"container\">\n\t\t\t\t<div class=\"elementor-element elementor-element-d6944ed elementor-widget elementor-widget-text-editor\" data-id=\"d6944ed\" data-element_type=\"widget\" data-e-type=\"widget\" data-widget_type=\"text-editor.default\">\n\t\t\t\t<div class=\"elementor-widget-container\">\n\t\t\t\t\t\t\t\t\t<strong>IMPORTANTE\u00a0<\/strong>\n<em>CADA VE\u00cdCULO QUE ENTRA NO PARQUE DEVE GUARDAR SEU BILHETE PARA VALIDAR SUA SA\u00cdDA DO PARQUE.\n<\/em>\n\nForma de pagamento:\n<ul>\n \t<li>Dinheiro<\/li>\n \t<li>Cart\u00f5es de d\u00e9bito: Maestro y Visa Electr\u00f3n<\/li>\n \t<li>Cart\u00f5es de cr\u00e9dito: Diners, Master, MasterCard, Visa y American Express.<\/li>\n<\/ul>\n<p>Tarifas expressas en pesos uruguayos. Aceitam-se d\u00f3lares e pesos uruguaios.\nAl\u00e9m disso, contamos com caixa eletr\u00f4nico, pagamento via web\n\n<em>Pr\u00e9-pagamento para empresas regulares (a ser gerenciado com a administra\u00e7\u00e3o do aeroporto de Punta del Este)<\/em><\/p>\t\t\t\t\t\t\t\t<\/div>\n\t\t\t\t<\/div>\n\t\t\t\t<\/div>\n\t\t\t\t\t<\/div>\n\t\t\t\t<\/div>\n\t\t\t\t<\/div>\n\t\t","protected":false},"excerpt":{"rendered":"<p>Compre seu cupom de longa perman\u00eancia aqui. Pague seu t\u00edquete de estacionamento dentro do Terminal A\u00e9reo, caso necessite de nota fiscal com RUT, solicite-a antes da emiss\u00e3o. Ter\u00e1 15 minutos at\u00e9 ao controlo de sa\u00edda, onde dever\u00e1 apresentar o seu bilhete ao leitor de c\u00f3digo de barras, para abertura das barreiras de acesso. TARIFAS Carros&hellip;<\/p>\n","protected":false},"author":1,"featured_media":0,"parent":0,"menu_order":35,"comment_status":"closed","ping_status":"closed","template":"","meta":{"_monsterinsights_skip_tracking":false,"_monsterinsights_sitenote_active":false,"_monsterinsights_sitenote_note":"","_monsterinsights_sitenote_category":0,"footnotes":""},"class_list":["post-16670","page","type-page","status-publish","hentry"],"_links":{"self":[{"href":"https:\/\/aeropuertodepuntadeleste.com.uy\/pt-br\/wp-json\/wp\/v2\/pages\/16670","targetHints":{"allow":["GET"]}}],"collection":[{"href":"https:\/\/aeropuertodepuntadeleste.com.uy\/pt-br\/wp-json\/wp\/v2\/pages"}],"about":[{"href":"https:\/\/aeropuertodepuntadeleste.com.uy\/pt-br\/wp-json\/wp\/v2\/types\/page"}],"author":[{"embeddable":true,"href":"https:\/\/aeropuertodepuntadeleste.com.uy\/pt-br\/wp-json\/wp\/v2\/users\/1"}],"replies":[{"embeddable":true,"href":"https:\/\/aeropuertodepuntadeleste.com.uy\/pt-br\/wp-json\/wp\/v2\/comments?post=16670"}],"version-history":[{"count":72,"href":"https:\/\/aeropuertodepuntadeleste.com.uy\/pt-br\/wp-json\/wp\/v2\/pages\/16670\/revisions"}],"predecessor-version":[{"id":19758,"href":"https:\/\/aeropuertodepuntadeleste.com.uy\/pt-br\/wp-json\/wp\/v2\/pages\/16670\/revisions\/19758"}],"wp:attachment":[{"href":"https:\/\/aeropuertodepuntadeleste.com.uy\/pt-br\/wp-json\/wp\/v2\/media?parent=16670"}],"curies":[{"name":"wp","href":"https:\/\/api.w.org\/{rel}","templated":true}]}}