{"id":16674,"date":"2022-09-09T10:44:28","date_gmt":"2022-09-09T13:44:28","guid":{"rendered":"https:\/\/aeropuertodepuntadeleste.com.uy\/?page_id=16674"},"modified":"2025-08-19T08:42:50","modified_gmt":"2025-08-19T11:42:50","slug":"servicos-ao-viageiro","status":"publish","type":"page","link":"https:\/\/aeropuertodepuntadeleste.com.uy\/pt-br\/servicos-ao-viageiro\/","title":{"rendered":"Servi\u00e7os ao Viageiro"},"content":{"rendered":"\t\t<div data-elementor-type=\"wp-page\" data-elementor-id=\"16674\" class=\"elementor elementor-16674 elementor-12372\" data-elementor-post-type=\"page\">\n\t\t\t\t<div class=\"elementor-element elementor-element-3d06623 e-flex e-con-boxed e-con e-parent\" data-id=\"3d06623\" data-element_type=\"container\" data-e-type=\"container\">\n\t\t\t\t\t<div class=\"e-con-inner\">\n\t\t<div class=\"elementor-element elementor-element-ace50df e-con-full e-flex e-con e-child\" data-id=\"ace50df\" data-element_type=\"container\" data-e-type=\"container\">\n\t\t\t\t<div class=\"elementor-element elementor-element-454d95a elementor-widget elementor-widget-image\" data-id=\"454d95a\" data-element_type=\"widget\" data-e-type=\"widget\" data-widget_type=\"image.default\">\n\t\t\t\t<div class=\"elementor-widget-container\">\n\t\t\t\t\t\t\t\t\t\t\t\t\t\t\t<img data-recalc-dims=\"1\" fetchpriority=\"high\" decoding=\"async\" width=\"300\" height=\"300\" src=\"https:\/\/i0.wp.com\/aeropuertodepuntadeleste.com.uy\/wp-content\/uploads\/2022\/09\/logoglobal.jpeg?resize=300%2C300&#038;ssl=1\" class=\"attachment-large size-large wp-image-16117\" alt=\"\" srcset=\"https:\/\/i0.wp.com\/aeropuertodepuntadeleste.com.uy\/wp-content\/uploads\/2022\/09\/logoglobal.jpeg?w=300&amp;ssl=1 300w, https:\/\/i0.wp.com\/aeropuertodepuntadeleste.com.uy\/wp-content\/uploads\/2022\/09\/logoglobal.jpeg?resize=150%2C150&amp;ssl=1 150w\" sizes=\"(max-width: 300px) 100vw, 300px\" \/>\t\t\t\t\t\t\t\t\t\t\t\t\t\t\t<\/div>\n\t\t\t\t<\/div>\n\t\t\t\t<div class=\"elementor-element elementor-element-1f89dbe elementor-widget elementor-widget-text-editor\" data-id=\"1f89dbe\" data-element_type=\"widget\" data-e-type=\"widget\" data-widget_type=\"text-editor.default\">\n\t\t\t\t<div class=\"elementor-widget-container\">\n\t\t\t\t\t\t\t\t\t<h4>Global Exchange<\/h4><p>Global Exchange \u00e9 a terceira empresa domundo em prestar o servi\u00e7o de cambio de moeda. Atualmente, temos uma rede de220 escrit\u00f3rios localizados em 54 aeroportos internacionais e em hot\u00e9is de 20pa\u00edses e 5 continentes. Nos mesmos, gra\u00e7as a nossa carta de 1800 trabalhadores,atendemos cada ano a mais de 4,8 milh\u00f5es de clientes.<\/p><ul><li>Horario: aberto 3 horas antes de cada voo.<\/li><li>Localiza\u00e7\u00e3o:\u00a0Hall\u00a0Aeropuerto<\/li><li>Phone: (00598) 08009500<\/li><\/ul>\t\t\t\t\t\t\t\t<\/div>\n\t\t\t\t<\/div>\n\t\t\t\t<\/div>\n\t\t<div class=\"elementor-element elementor-element-89bd15a e-con-full e-flex e-con e-child\" data-id=\"89bd15a\" data-element_type=\"container\" data-e-type=\"container\">\n\t\t\t\t<div class=\"elementor-element elementor-element-da157a9 elementor-widget elementor-widget-image\" data-id=\"da157a9\" data-element_type=\"widget\" data-e-type=\"widget\" data-widget_type=\"image.default\">\n\t\t\t\t<div class=\"elementor-widget-container\">\n\t\t\t\t\t\t\t\t\t\t\t\t\t\t\t<img data-recalc-dims=\"1\" decoding=\"async\" width=\"300\" height=\"300\" src=\"https:\/\/i0.wp.com\/aeropuertodepuntadeleste.com.uy\/wp-content\/uploads\/2022\/12\/viewpoint.jpg?resize=300%2C300&#038;ssl=1\" class=\"attachment-large size-large wp-image-16509\" alt=\"\" srcset=\"https:\/\/i0.wp.com\/aeropuertodepuntadeleste.com.uy\/wp-content\/uploads\/2022\/12\/viewpoint.jpg?w=300&amp;ssl=1 300w, https:\/\/i0.wp.com\/aeropuertodepuntadeleste.com.uy\/wp-content\/uploads\/2022\/12\/viewpoint.jpg?resize=150%2C150&amp;ssl=1 150w\" sizes=\"(max-width: 300px) 100vw, 300px\" \/>\t\t\t\t\t\t\t\t\t\t\t\t\t\t\t<\/div>\n\t\t\t\t<\/div>\n\t\t\t\t<div class=\"elementor-element elementor-element-a0b3d7e elementor-widget elementor-widget-text-editor\" data-id=\"a0b3d7e\" data-element_type=\"widget\" data-e-type=\"widget\" data-widget_type=\"text-editor.default\">\n\t\t\t\t<div class=\"elementor-widget-container\">\n\t\t\t\t\t\t\t\t\t<h4>View Point<\/h4><p>Uma proposta fresca e \u00fanica, que oferece cafetaria, pastelaria, doces tenta\u00e7\u00f5es e o seu distinto servi\u00e7o de Catering &amp; Catering a bordo, onde a qualidade e a procura de sabores se fundem.<\/p><p>A proposta nos nossos caf\u00e9s [pr\u00e9-embarque e embarque] inclui pequenos-almo\u00e7os, sumos naturais e smoothies, e as cl\u00e1ssicas tenta\u00e7\u00f5es doces enquanto no nosso Resto [1\u00ba piso], destacam-se os pratos de autor<\/p><ul><li>Horario: Vari\u00e1vel de acordo com as opera\u00e7oes<\/li><li>Localiza\u00e7\u00e3o: Preembarque, Embarque y Restaurante en primer piso.<\/li><li>Tel\u00e9fono:<a href=\"tel:+59842498015\">(00598) 4249 8015 <\/a><a>\/ <\/a><a href=\"tel:+59842771680\">(00598) 4277 1680<\/a><\/li><\/ul>\t\t\t\t\t\t\t\t<\/div>\n\t\t\t\t<\/div>\n\t\t\t\t<\/div>\n\t\t\t\t\t<\/div>\n\t\t\t\t<\/div>\n\t\t\t\t<section class=\"elementor-section elementor-top-section elementor-element elementor-element-7aa1973 elementor-section-boxed elementor-section-height-default elementor-section-height-default\" data-id=\"7aa1973\" data-element_type=\"section\" data-e-type=\"section\">\n\t\t\t\t\t\t<div class=\"elementor-container elementor-column-gap-default\">\n\t\t\t\t\t<div class=\"elementor-column elementor-col-100 elementor-top-column elementor-element elementor-element-341141d\" data-id=\"341141d\" data-element_type=\"column\" data-e-type=\"column\">\n\t\t\t<div class=\"elementor-widget-wrap elementor-element-populated\">\n\t\t\t\t\t\t<div class=\"elementor-element elementor-element-72906ba elementor-widget elementor-widget-spacer\" data-id=\"72906ba\" data-element_type=\"widget\" data-e-type=\"widget\" data-widget_type=\"spacer.default\">\n\t\t\t\t<div class=\"elementor-widget-container\">\n\t\t\t\t\t\t\t<div class=\"elementor-spacer\">\n\t\t\t<div class=\"elementor-spacer-inner\"><\/div>\n\t\t<\/div>\n\t\t\t\t\t\t<\/div>\n\t\t\t\t<\/div>\n\t\t\t\t\t<\/div>\n\t\t<\/div>\n\t\t\t\t\t<\/div>\n\t\t<\/section>\n\t\t\t\t<\/div>\n\t\t","protected":false},"excerpt":{"rendered":"<p>Global Exchange Global Exchange \u00e9 a terceira empresa domundo em prestar o servi\u00e7o de cambio de moeda. Atualmente, temos uma rede de220 escrit\u00f3rios localizados em 54 aeroportos internacionais e em hot\u00e9is de 20pa\u00edses e 5 continentes. Nos mesmos, gra\u00e7as a nossa carta de 1800 trabalhadores,atendemos cada ano a mais de 4,8 milh\u00f5es de clientes. Horario:&hellip;<\/p>\n","protected":false},"author":1,"featured_media":0,"parent":0,"menu_order":35,"comment_status":"closed","ping_status":"closed","template":"","meta":{"_monsterinsights_skip_tracking":false,"_monsterinsights_sitenote_active":false,"_monsterinsights_sitenote_note":"","_monsterinsights_sitenote_category":0,"footnotes":""},"class_list":["post-16674","page","type-page","status-publish","hentry"],"_links":{"self":[{"href":"https:\/\/aeropuertodepuntadeleste.com.uy\/pt-br\/wp-json\/wp\/v2\/pages\/16674","targetHints":{"allow":["GET"]}}],"collection":[{"href":"https:\/\/aeropuertodepuntadeleste.com.uy\/pt-br\/wp-json\/wp\/v2\/pages"}],"about":[{"href":"https:\/\/aeropuertodepuntadeleste.com.uy\/pt-br\/wp-json\/wp\/v2\/types\/page"}],"author":[{"embeddable":true,"href":"https:\/\/aeropuertodepuntadeleste.com.uy\/pt-br\/wp-json\/wp\/v2\/users\/1"}],"replies":[{"embeddable":true,"href":"https:\/\/aeropuertodepuntadeleste.com.uy\/pt-br\/wp-json\/wp\/v2\/comments?post=16674"}],"version-history":[{"count":12,"href":"https:\/\/aeropuertodepuntadeleste.com.uy\/pt-br\/wp-json\/wp\/v2\/pages\/16674\/revisions"}],"predecessor-version":[{"id":19479,"href":"https:\/\/aeropuertodepuntadeleste.com.uy\/pt-br\/wp-json\/wp\/v2\/pages\/16674\/revisions\/19479"}],"wp:attachment":[{"href":"https:\/\/aeropuertodepuntadeleste.com.uy\/pt-br\/wp-json\/wp\/v2\/media?parent=16674"}],"curies":[{"name":"wp","href":"https:\/\/api.w.org\/{rel}","templated":true}]}}