{"id":16677,"date":"2022-09-11T19:09:01","date_gmt":"2022-09-11T22:09:01","guid":{"rendered":"https:\/\/aeropuertodepuntadeleste.com.uy\/?page_id=16677"},"modified":"2026-03-06T08:02:21","modified_gmt":"2026-03-06T11:02:21","slug":"taxa-de-embarque","status":"publish","type":"page","link":"https:\/\/aeropuertodepuntadeleste.com.uy\/pt-br\/taxa-de-embarque\/","title":{"rendered":"Taxa de Embarque"},"content":{"rendered":"\t\t<div data-elementor-type=\"wp-page\" data-elementor-id=\"16677\" class=\"elementor elementor-16677 elementor-13115\" data-elementor-post-type=\"page\">\n\t\t\t\t<div class=\"elementor-element elementor-element-16d8162 the7-e-sticky-overlap-yes elementor-hidden-mobile e-flex e-con-boxed e-con e-parent\" data-id=\"16d8162\" data-element_type=\"container\" data-e-type=\"container\" data-settings=\"{&quot;the7_sticky_row_overlap&quot;:&quot;yes&quot;}\">\n\t\t\t\t\t<div class=\"e-con-inner\">\n\t\t<div class=\"elementor-element elementor-element-5bbb316 e-con-full e-flex e-con e-child\" data-id=\"5bbb316\" data-element_type=\"container\" data-e-type=\"container\">\n\t\t\t\t<div class=\"elementor-element elementor-element-9613f26 elementor-view-default elementor-widget elementor-widget-icon\" data-id=\"9613f26\" data-element_type=\"widget\" data-e-type=\"widget\" data-widget_type=\"icon.default\">\n\t\t\t\t<div class=\"elementor-widget-container\">\n\t\t\t\t\t\t\t<div class=\"elementor-icon-wrapper\">\n\t\t\t<div class=\"elementor-icon\">\n\t\t\t<i aria-hidden=\"true\" class=\"fas fa-money-check-alt\"><\/i>\t\t\t<\/div>\n\t\t<\/div>\n\t\t\t\t\t\t<\/div>\n\t\t\t\t<\/div>\n\t\t\t\t<\/div>\n\t\t\t\t\t<\/div>\n\t\t\t\t<\/div>\n\t\t<div class=\"elementor-element elementor-element-fe59f23 e-flex e-con-boxed e-con e-parent\" data-id=\"fe59f23\" data-element_type=\"container\" data-e-type=\"container\">\n\t\t\t\t\t<div class=\"e-con-inner\">\n\t\t<div class=\"elementor-element elementor-element-92bbde6 e-con-full e-flex e-con e-child\" data-id=\"92bbde6\" data-element_type=\"container\" data-e-type=\"container\">\n\t\t\t\t<div class=\"elementor-element elementor-element-0cf0f71 elementor-widget elementor-widget-heading\" data-id=\"0cf0f71\" data-element_type=\"widget\" data-e-type=\"widget\" data-widget_type=\"heading.default\">\n\t\t\t\t<div class=\"elementor-widget-container\">\n\t\t\t\t\t<h4 class=\"elementor-heading-title elementor-size-default\">O pagamento da taxa de embarque pode ser efetuado em d\u00f3lares norte-americanos ou em pesos uruguaios.\nA taxa de embarque \u00e9 inclu\u00eddo no custo final do bilhete emitido pelo avi\u00e3o para viajar.<\/h4>\t\t\t\t<\/div>\n\t\t\t\t<\/div>\n\t\t\t\t<\/div>\n\t\t\t\t\t<\/div>\n\t\t\t\t<\/div>\n\t\t<div class=\"elementor-element elementor-element-e38d315 e-flex e-con-boxed e-con e-parent\" data-id=\"e38d315\" data-element_type=\"container\" data-e-type=\"container\">\n\t\t\t\t\t<div class=\"e-con-inner\">\n\t\t<div class=\"elementor-element elementor-element-3ce058a e-con-full e-flex e-con e-child\" data-id=\"3ce058a\" data-element_type=\"container\" data-e-type=\"container\">\n\t\t\t\t<div class=\"elementor-element elementor-element-7f3e5fc elementor-widget elementor-widget-heading\" data-id=\"7f3e5fc\" data-element_type=\"widget\" data-e-type=\"widget\" data-widget_type=\"heading.default\">\n\t\t\t\t<div class=\"elementor-widget-container\">\n\t\t\t\t\t<h3 class=\"elementor-heading-title elementor-size-default\">SERVI\u00c7O DE EMBARQUE<\/h3>\t\t\t\t<\/div>\n\t\t\t\t<\/div>\n\t\t\t\t<div class=\"elementor-element elementor-element-5c48c9d elementor-widget elementor-widget-spacer\" data-id=\"5c48c9d\" data-element_type=\"widget\" data-e-type=\"widget\" data-widget_type=\"spacer.default\">\n\t\t\t\t<div class=\"elementor-widget-container\">\n\t\t\t\t\t\t\t<div class=\"elementor-spacer\">\n\t\t\t<div class=\"elementor-spacer-inner\"><\/div>\n\t\t<\/div>\n\t\t\t\t\t\t<\/div>\n\t\t\t\t<\/div>\n\t\t\t\t<div class=\"elementor-element elementor-element-ca52f1e elementor-widget elementor-widget-image\" data-id=\"ca52f1e\" data-element_type=\"widget\" data-e-type=\"widget\" data-widget_type=\"image.default\">\n\t\t\t\t<div class=\"elementor-widget-container\">\n\t\t\t\t\t\t\t\t\t\t\t\t\t\t\t<img data-recalc-dims=\"1\" fetchpriority=\"high\" decoding=\"async\" width=\"1200\" height=\"225\" src=\"https:\/\/i0.wp.com\/aeropuertodepuntadeleste.com.uy\/wp-content\/uploads\/2022\/09\/dddad.jpeg?resize=1200%2C225&#038;ssl=1\" class=\"attachment-full size-full wp-image-16165\" alt=\"\" srcset=\"https:\/\/i0.wp.com\/aeropuertodepuntadeleste.com.uy\/wp-content\/uploads\/2022\/09\/dddad.jpeg?w=1920&amp;ssl=1 1920w, https:\/\/i0.wp.com\/aeropuertodepuntadeleste.com.uy\/wp-content\/uploads\/2022\/09\/dddad.jpeg?resize=300%2C56&amp;ssl=1 300w, https:\/\/i0.wp.com\/aeropuertodepuntadeleste.com.uy\/wp-content\/uploads\/2022\/09\/dddad.jpeg?resize=1024%2C192&amp;ssl=1 1024w, https:\/\/i0.wp.com\/aeropuertodepuntadeleste.com.uy\/wp-content\/uploads\/2022\/09\/dddad.jpeg?resize=768%2C144&amp;ssl=1 768w, https:\/\/i0.wp.com\/aeropuertodepuntadeleste.com.uy\/wp-content\/uploads\/2022\/09\/dddad.jpeg?resize=1536%2C288&amp;ssl=1 1536w\" sizes=\"(max-width: 1920px) 100vw, 1920px\" \/>\t\t\t\t\t\t\t\t\t\t\t\t\t\t\t<\/div>\n\t\t\t\t<\/div>\n\t\t\t\t<div class=\"elementor-element elementor-element-a0487ea elementor-widget elementor-widget-spacer\" data-id=\"a0487ea\" data-element_type=\"widget\" data-e-type=\"widget\" data-widget_type=\"spacer.default\">\n\t\t\t\t<div class=\"elementor-widget-container\">\n\t\t\t\t\t\t\t<div class=\"elementor-spacer\">\n\t\t\t<div class=\"elementor-spacer-inner\"><\/div>\n\t\t<\/div>\n\t\t\t\t\t\t<\/div>\n\t\t\t\t<\/div>\n\t\t\t\t<div class=\"elementor-element elementor-element-a10d5f6 elementor-widget elementor-widget-text-editor\" data-id=\"a10d5f6\" data-element_type=\"widget\" data-e-type=\"widget\" data-widget_type=\"text-editor.default\">\n\t\t\t\t<div class=\"elementor-widget-container\">\n\t\t\t\t\t\t\t\t\t<p>Internacional U$S 42,00<br>V\u00f4os Internacionais<\/p>\n<p>Nacionais&nbsp;U$S 4,00<\/p>\n<p>Pre\u00e7o de Seguran\u00e7a U$S 5,76<\/p>\t\t\t\t\t\t\t\t<\/div>\n\t\t\t\t<\/div>\n\t\t\t\t<\/div>\n\t\t\t\t\t<\/div>\n\t\t\t\t<\/div>\n\t\t<div class=\"elementor-element elementor-element-d337e75 e-flex e-con-boxed e-con e-parent\" data-id=\"d337e75\" data-element_type=\"container\" data-e-type=\"container\">\n\t\t\t\t\t<div class=\"e-con-inner\">\n\t\t<div class=\"elementor-element elementor-element-54c382b e-con-full e-flex e-con e-child\" data-id=\"54c382b\" data-element_type=\"container\" data-e-type=\"container\">\n\t\t\t\t<div class=\"elementor-element elementor-element-f485836 elementor-widget elementor-widget-heading\" data-id=\"f485836\" data-element_type=\"widget\" data-e-type=\"widget\" data-widget_type=\"heading.default\">\n\t\t\t\t<div class=\"elementor-widget-container\">\n\t\t\t\t\t<h3 class=\"elementor-heading-title elementor-size-default\">Exonera\u00e7\u00f5es por conceito de Pre\u00e7o por Servi\u00e7o de Embarque.\n<\/h3>\t\t\t\t<\/div>\n\t\t\t\t<\/div>\n\t\t\t\t<div class=\"elementor-element elementor-element-38f77f4 elementor-widget elementor-widget-spacer\" data-id=\"38f77f4\" data-element_type=\"widget\" data-e-type=\"widget\" data-widget_type=\"spacer.default\">\n\t\t\t\t<div class=\"elementor-widget-container\">\n\t\t\t\t\t\t\t<div class=\"elementor-spacer\">\n\t\t\t<div class=\"elementor-spacer-inner\"><\/div>\n\t\t<\/div>\n\t\t\t\t\t\t<\/div>\n\t\t\t\t<\/div>\n\t\t\t\t<div class=\"elementor-element elementor-element-d0bbf70 elementor-widget elementor-widget-text-editor\" data-id=\"d0bbf70\" data-element_type=\"widget\" data-e-type=\"widget\" data-widget_type=\"text-editor.default\">\n\t\t\t\t<div class=\"elementor-widget-container\">\n\t\t\t\t\t\t\t\t\t<p>Exonera\u00e7\u00f5es do Anexo F do R\u00e9gimen de Gesti\u00f3n Integral complement\u00e1rio do Decreto 376\/02 regulament\u00e1rio da Lei 17.555 por conceito de Pre\u00e7o por Servi\u00e7o de Embarque:<br \/><br \/>*Diplom\u00e1ticos e autoridades de organismos internacionais em regime de reciprocidade<br \/>*Crian\u00e7as menores at\u00e9 fazer 2 anos de idade<br \/>*C\u00f4nsules honor\u00e1rios acreditados ante a Rep\u00fablica Oriental del Uruguay e de conformidade com o decreto 45\/2000 de 17 de fevereiro de 2000<br \/>*Hospedes oficiais. Decreto 161\/985 de 30 abril de 1985<br \/><br \/><b>Transito<\/b><br \/>Devolu\u00e7\u00e3o do Servi\u00e7o de Embarque &#8211;<br \/>Para fazer a mesma efetiva, apresentar o recibo e o c\u00f3digo de barras do boarding-pass<br \/>Exclusivamente por razoes meteorol\u00f3gicas.<br \/>Transcorridas as 24 hs. do pagamento n\u00e3o haver\u00e1 devolu\u00e7\u00e3o.<\/p>\t\t\t\t\t\t\t\t<\/div>\n\t\t\t\t<\/div>\n\t\t\t\t<\/div>\n\t\t\t\t\t<\/div>\n\t\t\t\t<\/div>\n\t\t<div class=\"elementor-element elementor-element-12b7030 e-flex e-con-boxed e-con e-parent\" data-id=\"12b7030\" data-element_type=\"container\" data-e-type=\"container\">\n\t\t\t\t\t<div class=\"e-con-inner\">\n\t\t<div class=\"elementor-element elementor-element-b4b560e e-con-full e-flex e-con e-child\" data-id=\"b4b560e\" data-element_type=\"container\" data-e-type=\"container\">\n\t\t\t\t<div class=\"elementor-element elementor-element-10af0ce elementor-widget elementor-widget-spacer\" data-id=\"10af0ce\" data-element_type=\"widget\" data-e-type=\"widget\" data-widget_type=\"spacer.default\">\n\t\t\t\t<div class=\"elementor-widget-container\">\n\t\t\t\t\t\t\t<div class=\"elementor-spacer\">\n\t\t\t<div class=\"elementor-spacer-inner\"><\/div>\n\t\t<\/div>\n\t\t\t\t\t\t<\/div>\n\t\t\t\t<\/div>\n\t\t\t\t<\/div>\n\t\t\t\t\t<\/div>\n\t\t\t\t<\/div>\n\t\t\t\t<\/div>\n\t\t","protected":false},"excerpt":{"rendered":"<p>O pagamento da taxa de embarque pode ser efetuado em d\u00f3lares norte-americanos ou em pesos uruguaios. A taxa de embarque \u00e9 inclu\u00eddo no custo final do bilhete emitido pelo avi\u00e3o para viajar. SERVI\u00c7O DE EMBARQUE Internacional U$S 42,00V\u00f4os Internacionais Nacionais&nbsp;U$S 4,00 Pre\u00e7o de Seguran\u00e7a U$S 5,76 Exonera\u00e7\u00f5es por conceito de Pre\u00e7o por Servi\u00e7o de Embarque.&hellip;<\/p>\n","protected":false},"author":1,"featured_media":0,"parent":0,"menu_order":35,"comment_status":"closed","ping_status":"closed","template":"","meta":{"_monsterinsights_skip_tracking":false,"_monsterinsights_sitenote_active":false,"_monsterinsights_sitenote_note":"","_monsterinsights_sitenote_category":0,"footnotes":""},"class_list":["post-16677","page","type-page","status-publish","hentry"],"_links":{"self":[{"href":"https:\/\/aeropuertodepuntadeleste.com.uy\/pt-br\/wp-json\/wp\/v2\/pages\/16677","targetHints":{"allow":["GET"]}}],"collection":[{"href":"https:\/\/aeropuertodepuntadeleste.com.uy\/pt-br\/wp-json\/wp\/v2\/pages"}],"about":[{"href":"https:\/\/aeropuertodepuntadeleste.com.uy\/pt-br\/wp-json\/wp\/v2\/types\/page"}],"author":[{"embeddable":true,"href":"https:\/\/aeropuertodepuntadeleste.com.uy\/pt-br\/wp-json\/wp\/v2\/users\/1"}],"replies":[{"embeddable":true,"href":"https:\/\/aeropuertodepuntadeleste.com.uy\/pt-br\/wp-json\/wp\/v2\/comments?post=16677"}],"version-history":[{"count":15,"href":"https:\/\/aeropuertodepuntadeleste.com.uy\/pt-br\/wp-json\/wp\/v2\/pages\/16677\/revisions"}],"predecessor-version":[{"id":19747,"href":"https:\/\/aeropuertodepuntadeleste.com.uy\/pt-br\/wp-json\/wp\/v2\/pages\/16677\/revisions\/19747"}],"wp:attachment":[{"href":"https:\/\/aeropuertodepuntadeleste.com.uy\/pt-br\/wp-json\/wp\/v2\/media?parent=16677"}],"curies":[{"name":"wp","href":"https:\/\/api.w.org\/{rel}","templated":true}]}}