{"id":16678,"date":"2022-09-09T12:34:50","date_gmt":"2022-09-09T15:34:50","guid":{"rendered":"https:\/\/aeropuertodepuntadeleste.com.uy\/?page_id=16678"},"modified":"2025-08-31T10:49:24","modified_gmt":"2025-08-31T13:49:24","slug":"telefonos-utiles","status":"publish","type":"page","link":"https:\/\/aeropuertodepuntadeleste.com.uy\/pt-br\/telefonos-utiles\/","title":{"rendered":"Telefones \u00fateis"},"content":{"rendered":"\t\t<div data-elementor-type=\"wp-page\" data-elementor-id=\"16678\" class=\"elementor elementor-16678 elementor-12558\" data-elementor-post-type=\"page\">\n\t\t\t\t<div class=\"elementor-element elementor-element-fa00f86 e-flex e-con-boxed e-con e-parent\" data-id=\"fa00f86\" data-element_type=\"container\" data-e-type=\"container\">\n\t\t\t\t\t<div class=\"e-con-inner\">\n\t\t\t\t<div class=\"elementor-element elementor-element-c73df3c elementor-widget elementor-widget-html\" data-id=\"c73df3c\" data-element_type=\"widget\" data-e-type=\"widget\" data-widget_type=\"html.default\">\n\t\t\t\t<div class=\"elementor-widget-container\">\n\t\t\t\t\t<style>\n    h1 {\n      font-size: 1.5rem;\n      line-height: 1.2;\n      margin: 0 0 0.5rem;\n    }\n     p.desc {\n      color: var(--muted);\n      margin: 0 0 1rem;\n    }\n     ul {\n      list-style: none;\n      padding: 0;\n      margin: 0;\n      display: grid;\n      gap: 0.75rem;\n    }\n    li.cu {\n      border: 1px solid #e5e7eb;\n      border-radius: 12px;\n      padding: 0.75rem 1rem;\n    }\n  <\/style>\n\n<p class=\"desc\">Lista de contatos com links acess\u00edveis para ligar a partir de dispositivos compat\u00edveis.<\/p>\n\n<ul aria-label=\"Lista de telefones com links para ligar\">\n  <li class=\"cu\">\n    <span class=\"service\">Aeroporto de Carrasco \u2013 Telefone geral<\/span>\n    <a href=\"tel:+59826040329\" aria-label=\"Ligar para Carrasco, telefone geral, n\u00famero mais cinco nove oito, dois seis zero quatro, zero tr\u00eas vinte e nove\">(+598) 2604 0329<\/a>\n  <\/li>\n\n  <li class=\"cu\">\n    <span class=\"service\">Aeroporto de Punta del Este \u2013 Telefone geral<\/span>\n    <a href=\"tel:+59842559777\" aria-label=\"Ligar para Punta del Este, telefone geral, n\u00famero mais cinco nove oito, quatro dois cinco cinco, nove sete setenta e sete\">(+598) 4255 9777<\/a>\n  <\/li>\n\n  <li class=\"cu\">\n    <span class=\"service\">Achados e Perdidos<\/span>\n    <a href=\"tel:+59842559777\" aria-label=\"Ligar para Achados e Perdidos, n\u00famero mais cinco nove oito, quatro dois cinco cinco, nove sete setenta e sete\">(+598) 4255 9777<\/a>\n  <\/li>\n\n  <li class=\"cu\">\n    <span class=\"service\">Migra\u00e7\u00f5es<\/span>\n    <a href=\"tel:+59842559413\" aria-label=\"Ligar para Migra\u00e7\u00f5es, n\u00famero mais cinco nove oito, quatro dois cinco cinco, nove quatro treze\">(+598) 4255 9413<\/a>\n  <\/li>\n\n  <li class=\"cu\">\n    <span class=\"service\">Pol\u00edcia A\u00e9rea Nacional (PAN)<\/span>\n    <a href=\"tel:+59842559777,,124\" aria-label=\"Ligar para Pol\u00edcia A\u00e9rea Nacional, n\u00famero mais cinco nove oito, quatro dois cinco cinco, nove sete setenta e sete, depois digitar ramal cento e vinte e quatro\">(+598) 4255 9777<span class=\"ext\">ramal 124<\/span><\/a>\n    <span aria-hidden=\"true\"> \u00b7 <\/span>\n    <a href=\"tel:+59842559777,,207\" aria-label=\"Ligar para Pol\u00edcia A\u00e9rea Nacional, n\u00famero mais cinco nove oito, quatro dois cinco cinco, nove sete setenta e sete, depois digitar ramal duzentos e sete\">(+598) 4255 9777<span class=\"ext\">ramal 207<\/span><\/a>\n  <\/li>\n\n  <li class=\"cu\">\n    <span class=\"service\">Alf\u00e2ndega<\/span>\n    <a href=\"tel:+59842559154\" aria-label=\"Ligar para Alf\u00e2ndega, n\u00famero mais cinco nove oito, quatro dois cinco cinco, nove um cinquenta e quatro\">(+598) 4255 9154<\/a>\n  <\/li>\n\n  <li class=\"cu\">\n    <span class=\"service\">MGAP (Pecu\u00e1ria, Agricultura e Pesca)<\/span>\n    <a href=\"tel:+59842559777,,203\" aria-label=\"Ligar para MGAP, n\u00famero mais cinco nove oito, quatro dois cinco cinco, nove sete setenta e sete, depois digitar ramal duzentos e tr\u00eas\">(+598) 4255 9777<span class=\"ext\">ramal 203<\/span><\/a>\n  <\/li>\n\n  <li class=\"cu\">\n    <span class=\"service\">Vigil\u00e2ncia de Fronteiras (MSP)<\/span>\n    <a href=\"tel:+59826040381\" aria-label=\"Ligar para Vigil\u00e2ncia de Fronteiras, n\u00famero mais cinco nove oito, dois seis zero quatro, zero tr\u00eas oitenta e um\">(+598) 2604 0381<\/a>\n  <\/li>\n\n  <li class=\"cu\">\n    <span class=\"service\">Narc\u00f3ticos<\/span>\n    <a href=\"tel:+59826040008\" aria-label=\"Ligar para Narc\u00f3ticos, n\u00famero mais cinco nove oito, dois seis zero quatro, zero zero zero oito\">(+598) 2604 0008<\/a>\n  <\/li>\n\n  <li class=\"cu\">\n    <span class=\"service\">DINACIA \u2013 Telefone<\/span>\n    <a href=\"tel:+59826040408\" aria-label=\"Ligar para DINACIA, n\u00famero mais cinco nove oito, dois seis zero quatro, zero quatro zero oito\">(+598) 2604 0408<\/a>\n  <\/li>\n\n  <li class=\"cu\">\n    <span class=\"service\">DINACIA \u2013 Site oficial<\/span>\n    <a href=\"https:\/\/dinacia.gub.uy\/\" target=\"_blank\" rel=\"noopener noreferrer\" aria-label=\"Abrir site oficial da DINACIA em uma nova aba\">https:\/\/dinacia.gub.uy\/<\/a>\n  <\/li>\n<\/ul>\n\t\t\t\t<\/div>\n\t\t\t\t<\/div>\n\t\t\t\t\t<\/div>\n\t\t\t\t<\/div>\n\t\t\t\t<\/div>\n\t\t","protected":false},"excerpt":{"rendered":"<p>Lista de contatos com links acess\u00edveis para ligar a partir de dispositivos compat\u00edveis. Aeroporto de Carrasco \u2013 Telefone geral (+598) 2604 0329 Aeroporto de Punta del Este \u2013 Telefone geral (+598) 4255 9777 Achados e Perdidos (+598) 4255 9777 Migra\u00e7\u00f5es (+598) 4255 9413 Pol\u00edcia A\u00e9rea Nacional (PAN) (+598) 4255 9777ramal 124 \u00b7 (+598) 4255 9777ramal&hellip;<\/p>\n","protected":false},"author":1,"featured_media":0,"parent":0,"menu_order":35,"comment_status":"closed","ping_status":"closed","template":"","meta":{"_monsterinsights_skip_tracking":false,"_monsterinsights_sitenote_active":false,"_monsterinsights_sitenote_note":"","_monsterinsights_sitenote_category":0,"footnotes":""},"class_list":["post-16678","page","type-page","status-publish","hentry"],"_links":{"self":[{"href":"https:\/\/aeropuertodepuntadeleste.com.uy\/pt-br\/wp-json\/wp\/v2\/pages\/16678","targetHints":{"allow":["GET"]}}],"collection":[{"href":"https:\/\/aeropuertodepuntadeleste.com.uy\/pt-br\/wp-json\/wp\/v2\/pages"}],"about":[{"href":"https:\/\/aeropuertodepuntadeleste.com.uy\/pt-br\/wp-json\/wp\/v2\/types\/page"}],"author":[{"embeddable":true,"href":"https:\/\/aeropuertodepuntadeleste.com.uy\/pt-br\/wp-json\/wp\/v2\/users\/1"}],"replies":[{"embeddable":true,"href":"https:\/\/aeropuertodepuntadeleste.com.uy\/pt-br\/wp-json\/wp\/v2\/comments?post=16678"}],"version-history":[{"count":10,"href":"https:\/\/aeropuertodepuntadeleste.com.uy\/pt-br\/wp-json\/wp\/v2\/pages\/16678\/revisions"}],"predecessor-version":[{"id":19529,"href":"https:\/\/aeropuertodepuntadeleste.com.uy\/pt-br\/wp-json\/wp\/v2\/pages\/16678\/revisions\/19529"}],"wp:attachment":[{"href":"https:\/\/aeropuertodepuntadeleste.com.uy\/pt-br\/wp-json\/wp\/v2\/media?parent=16678"}],"curies":[{"name":"wp","href":"https:\/\/api.w.org\/{rel}","templated":true}]}}