{"id":17844,"date":"2024-03-09T16:02:15","date_gmt":"2024-03-09T19:02:15","guid":{"rendered":"https:\/\/aeropuertodepuntadeleste.com.uy\/?page_id=17844"},"modified":"2025-08-02T12:42:01","modified_gmt":"2025-08-02T15:42:01","slug":"painel-de-voo","status":"publish","type":"page","link":"https:\/\/aeropuertodepuntadeleste.com.uy\/pt-br\/painel-de-voo\/","title":{"rendered":"Painel de V\u00f4o"},"content":{"rendered":"\t\t<div data-elementor-type=\"wp-page\" data-elementor-id=\"17844\" class=\"elementor elementor-17844 elementor-17836\" data-elementor-post-type=\"page\">\n\t\t\t\t<div class=\"elementor-element elementor-element-5c463eb e-con-full e-flex e-con e-parent\" data-id=\"5c463eb\" data-element_type=\"container\" data-e-type=\"container\">\n\t\t<div class=\"elementor-element elementor-element-24a4ce1 e-con-full e-flex e-con e-child\" data-id=\"24a4ce1\" data-element_type=\"container\" data-e-type=\"container\">\n\t\t\t\t<div class=\"elementor-element elementor-element-944935d elementor-widget-mobile__width-inherit elementor-widget elementor-widget-html\" data-id=\"944935d\" data-element_type=\"widget\" data-e-type=\"widget\" data-widget_type=\"html.default\">\n\t\t\t\t<div class=\"elementor-widget-container\">\n\t\t\t\t\t<div class=\"container\">\r\n\r\n    <div>\r\n\r\n    <button data-filter=\"A\" class=\"btn filter-mov\" id=\"btn-default\"><img data-recalc-dims=\"1\" decoding=\"async\" src=\"https:\/\/i0.wp.com\/aeropuertodepuntadeleste.com.uy\/wp-content\/uploads\/2022\/10\/arribos.png?resize=40%2C40&#038;ssl=1\" height=\"40\" width=\"40\"\/> <br>Chegadas<\/button>\r\n    <button data-filter=\"D\" class=\"btn filter-mov\">Partidas<br><img data-recalc-dims=\"1\" decoding=\"async\" src=\"https:\/\/i0.wp.com\/aeropuertodepuntadeleste.com.uy\/wp-content\/uploads\/2022\/10\/partidas.png?resize=40%2C40&#038;ssl=1\" height=\"40\" width=\"40\"\/><\/button>\r\n    <button type=\"button\" role=\"button\" class=\"btn\" id=\"history\"><img data-recalc-dims=\"1\" decoding=\"async\" src=\"https:\/\/i0.wp.com\/aeropuertodepuntadeleste.com.uy\/wp-content\/uploads\/2022\/10\/vuelos-anteriores.png?resize=40%2C40&#038;ssl=1\" height=\"40\" width=\"40\"\/>  <br>Anteriores<\/button>\r\n\r\n    <\/div>\r\n\r\n    <div id=\"vuelos\"><\/div>\r\n\r\n    <div id=\"follow_form\">\r\n      <form id=\"follow-form\">\r\n        <fieldset>\r\n          <legend><br>Seguir voo&nbsp;<span id=\"follow-title\"><\/span><\/legend>\r\n          <div class=\"mb-3\">\r\n            <label for=\"full_name\" class=\"form-label\">Nome e Sobrenome<\/label>\r\n            <input type=\"text\" name=\"full_name\" class=\"form-control\" id=\"full_name\">\r\n          <\/div>\r\n          <div class=\"mb-3\">\r\n            <label for=\"email\" class=\"form-label\">Email<\/label>\r\n            <input type=\"text\" name=\"email\" class=\"form-control\" id=\"email\">\r\n          <\/div>\r\n          <div class=\"col-auto\">\r\n            <button type=\"submit\" class=\"btn btn-secondary\">Seguir<\/button>\r\n          <\/div>\r\n        <\/fieldset>\r\n        <div class=\"error\"><\/div>\r\n        <input id=\"follow-flight-id\" type=\"hidden\" name=\"flight_id\" value=\"\">\r\n      <\/form>\r\n    <\/div>\r\n\r\n    <div id=\"follow_alert\">\r\n        <h2><br><br>Por favor, verifique sua caixa para validar seu endere\u00e7o de e-mail<\/h2>\r\n    <\/div>\r\n\r\n    <div id=\"search_box\">\r\n      <form id=\"flight-search\">\r\n        <fieldset>\r\n          <legend><br>Pesquisar voos<\/legend>\r\n          <div class=\"mb-3\">\r\n            <label for=\"date_from\" class=\"form-label\">Deste<\/label>\r\n            <input type=\"text\" name=\"date_from\" class=\"form-control\" id=\"date_from\">\r\n          <\/div>\r\n          <div class=\"mb-3\">\r\n            <label for=\"date_to\" class=\"form-label\">At\u00e9<\/label>\r\n            <input type=\"text\" name=\"date_to\" class=\"form-control\" id=\"date_to\">\r\n          <\/div>\r\n          <div class=\"mb-3\">\r\n            <label for=\"nro\" class=\"form-label\">N\u00famero de v\u00f4o<\/label>\r\n            <input type=\"text\" name=\"nro\" class=\"form-control\" id=\"nro\">\r\n          <\/div>\r\n          <div class=\"mb-3\">\r\n            <label for=\"destorig\" class=\"form-label\">Destino\/Origem<\/label>\r\n            <input type=\"text\" name=\"destorig\" class=\"form-control\" id=\"destorig\">\r\n          <\/div>\r\n          <div class=\"mb-3\">\r\n            <label for=\"mov\" class=\"form-label\">Mostrar<\/label>\r\n            <select size=\"1\" name=\"mov\" class=\"form-control\" id=\"mov\">\r\n              <option value=\"\">Chegadas e Partidas<\/option>\r\n              <option value=\"A\">Somente Chegadas<\/option>\r\n              <option value=\"D\">Somente Partidas<\/option>\r\n            <\/select>\r\n          <\/div>\r\n          <div class=\"col-auto\">\r\n            <button type=\"submit\" class=\"btn btn-secondary\">Pesquisar<\/button>\r\n          <\/div>\r\n        <\/fieldset>\r\n      <\/form>\r\n    <\/div>\r\n\r\n  <\/div>\r\n\r\n  <script>\r\n\r\n    $(function() {\r\n\r\n      var container = $(\"#vuelos\");\r\n      var search_box = $(\"#search_box\");\r\n      var follow_form = $(\"#follow_form\");\r\n      var follow_alert = $(\"#follow_alert\");\r\n      var template_source = $(\"#vuelos-template\");\r\n      var template = Handlebars.compile(template_source.html());\r\n      var currentInterval = null;\r\n\r\n      var template_partial = $(\"#vuelos-partial\");\r\n      var partial = Handlebars.compile(template_partial.html());\r\n\r\n      Handlebars.registerPartial(\"vuelos-row\", partial );\r\n\r\n      $.datepicker.regional['es'] = {\r\n          closeText: 'Fechar', \/\/ set a close button text\r\n          currentText: 'Hoje', \/\/ set today text\r\n          monthNames: ['Janeiro','Fevereiro','Mar\u00e7o','Abril','Maio','Junho','Julho','Agosto','Setembro','Outubro','Novembro','Dezembro'], \/\/ set month names\r\n          monthNamesShort: ['Jan','Fev','Mar','Abr','Mai','Jun','Jul','Ago','Set','Out','Nov','Dez'], \/\/ set short month names\r\n          dayNames: ['Domingo','Segunda','Ter\u00e7a','Quarta','Quinta','Sexta','S\u00e1bado'], \/\/ set days names\r\n          dayNamesShort: ['Dom','Seg','Ter','Qua','Qui','Sex','S\u00e1b'], \/\/ set short day names\r\n          dayNamesMin: ['Do','Se','Te','Qu','Qu','Se','Sa'], \/\/ set more short days names\r\n          dateFormat: 'dd\/mm\/yy' \/\/ set format date\r\n      };\r\n\r\n      $.datepicker.setDefaults(\r\n        $.extend(\r\n          {'dateFormat':'dd\/mm\/yy'},\r\n          $.datepicker.regional['es']\r\n        )\r\n      );\r\n\r\n      renderVuelos();\r\n\r\n      function rotateFlight(flight) {\r\n\r\n        var row = $(\"#flight-row-\"+flight.flight_id);\r\n        var modal = $(\"#flight-\"+flight.flight_id);\r\n        var loop = row.data('loop');\r\n        var logo = $(\".vuelo-logo-img\",row);\r\n        var nro = $(\".vuelo-numero\",row);\r\n        var modal_logo = $(\".vuelo-logo-img\",modal);\r\n        var modal_nro = $(\".vuelo-numero\",modal);\r\n\r\n        if (loop === undefined) {\r\n          loop = 0;\r\n          flight.shared.push({icono:logo.attr('src'),nro:nro.text()})\r\n        } else {\r\n          loop++;\r\n          if (loop >= flight.shared.length) {\r\n            loop = 0;\r\n          }\r\n        }\r\n\r\n        row.data('loop',loop);\r\n        logo.attr('src',flight.shared[loop]['icono']);\r\n        modal_logo.attr('src',flight.shared[loop]['icono']);\r\n        nro.text(flight.shared[loop]['nro']);\r\n        modal_nro.text(flight.shared[loop]['nro']);\r\n      }\r\n\r\n      function rotateShared(flights) {\r\n\r\n        if (currentInterval) {\r\n          clearInterval(currentInterval);\r\n        }\r\n\r\n        var interval = setInterval(function(){\r\n          $.each(flights,function(i,flight) {\r\n            if (flight.shared && Array.isArray(flight.shared)) {\r\n              if (flight.shared.length) {\r\n                  rotateFlight(flight);\r\n              }\r\n            }\r\n          })\r\n        },2000);\r\n\r\n        currentInterval = interval;\r\n\r\n      }\r\n\r\n      function renderVuelos(filter){\r\n\r\n        container.show();\r\n        search_box.hide();\r\n\r\n        var url = \"https:\/\/aeropuertodepuntadeleste.com.uy\/aeropuertos\/vuelos\/pdp\/arribos.json\";\r\n        var filter_title = \"Arribos\";\r\n        var departure = false;\r\n\r\n        if (filter == 'D') {\r\n          url = \"https:\/\/aeropuertodepuntadeleste.com.uy\/aeropuertos\/vuelos\/pdp\/partidas.json\";\r\n          filter_title = \"Partidas\";\r\n          departure = true;\r\n        }\r\n\r\n        $('select',container).select2('destroy');\r\n\r\n        $.getJSON( url, function(data) {\r\n          container.html();\r\n          container.html(template({\r\n            flights: data.flights,\r\n            filter_title: filter_title,\r\n            departure: departure,\r\n            search: false\r\n          }));\r\n\r\n          follow_form.hide();\r\n          follow_alert.hide();\r\n\r\n          rotateShared(data.flights);\r\n\r\n          $('.follow',container).click(function(e){\r\n            e.preventDefault();\r\n\r\n            var title = $(this).data('aerolinea')+' '+$(this).data('nro');\r\n            var error = $(\"div.error\",container);\r\n\r\n            $(\"#follow-title\").html(title);\r\n            $(\"#follow-flight-id\").val($(this).data('flight-id'));\r\n\r\n            error.hide();\r\n            container.hide();\r\n            follow_form.show();\r\n\r\n            return false;\r\n          });\r\n\r\n          $('select',container).select2({allowClear:true,placeholder:'Visualizando: '+filter_title});\r\n          $('select',container).change(function(){\r\n            var id = $(this).val();\r\n            if (!id) {\r\n              $(\"table.vuelos tbody tr\").show();\r\n              return;\r\n            }\r\n            $(\"table.vuelos tbody tr\").hide();\r\n            $(\"#flight-row-\"+id).show();\r\n          });\r\n        });\r\n      }\r\n\r\n      $(\"#history\").click(function(e){\r\n        container.hide();\r\n        follow_form.hide();\r\n        follow_alert.hide();\r\n        search_box.show();\r\n      });\r\n\r\n      $(\"#date_from\").datepicker({ minDate: -30, maxDate: \"0D\", defaultDate: -7 });\r\n      $(\"#date_to\").datepicker({ minDate: -30, maxDate: \"0D\" });\r\n\r\n      $(\"#flight-search\").submit(function(e){\r\n\r\n        e.preventDefault();\r\n\r\n        if (! $(\"#date_from\").val() ) { $(\"#date_from\").datepicker(\"setDate\",\"-2D\") }\r\n        if (! $(\"#date_to\").val() ) { $(\"#date_to\").datepicker(\"setDate\",\"-1D\") }\r\n\r\n        var formData = $(this).serialize();\r\n        $.ajax({\r\n          type: \"POST\",\r\n          url: \"https:\/\/aeropuertodepuntadeleste.com.uy\/aeropuertos\/vuelos\/pdp\/busqueda.json\",\r\n          data: formData,\r\n          dataType: \"json\",\r\n          encode: true,\r\n        }).done(function (data) {\r\n\r\n          container.html();\r\n          container.html(template({\r\n            flights: data.flights,\r\n            filter_title: \"Voos encontrados\",\r\n            search: true,\r\n            departure: false,\r\n            page: 1\r\n          }));\r\n\r\n          search_box.hide();\r\n          follow_alert.hide();\r\n          container.show();\r\n\r\n          append_btn_more(data.load_more,data.params);\r\n\r\n        });\r\n\r\n        return false;\r\n\r\n      });\r\n\r\n      $(\"#follow-form\").submit(function(e){\r\n\r\n        e.preventDefault();\r\n\r\n        var error = $(\"div.error\",this);\r\n        var name = $(\"input[name=full_name]\",this).val();\r\n        var email = $(\"input[name=email]\",this).val();\r\n\r\n        if (!name) {\r\n          error.html(\"Escreva seu nome completo\").show();\r\n          return false;\r\n        }\r\n        if (!email) {\r\n          error.html(\"Digite seu e-mail\").show();\r\n          return false;\r\n        }\r\n\r\n        error.hide();\r\n\r\n        var formData = $(this).serialize();\r\n\r\n        $.ajax({\r\n          type: \"POST\",\r\n          url: \"https:\/\/aeropuertodepuntadeleste.com.uy\/aeropuertos\/vuelos\/seguir.json\",\r\n          data: formData,\r\n          dataType: \"json\",\r\n          encode: true,\r\n        }).done(function (data) {\r\n\r\n          if (data.error) {\r\n            error.html(data.message).show();\r\n          } else {\r\n            follow_form.hide();\r\n            follow_alert.show();\r\n          }\r\n\r\n        });\r\n\r\n        return false;\r\n\r\n      });\r\n\r\n      function append_btn_more(load_more,params){\r\n          var btn_more = more_btn(params);\r\n          if (load_more) {\r\n            $(\"table.vuelos\").append(btn_more);\r\n            bind_more_results();\r\n          }\r\n      }\r\n\r\n      function bind_more_results(){\r\n        $(\"#btn-load-more\").click(function(e){\r\n          e.preventDefault();\r\n\r\n          link = $(this);\r\n          link.unbind('click');\r\n          url = link.attr('href');\r\n          link.remove();\r\n\r\n          load_more_results(url);\r\n\r\n          return false;\r\n        });\r\n      }\r\n\r\n      function load_more_results(url) {\r\n\r\n        $.getJSON( url, function(more_data) {\r\n\r\n          container.html();\r\n          container.html(template({\r\n            flights: more_data.flights,\r\n            filter_title: \"Voos encontrados\",\r\n            search: true,\r\n            departure: false,\r\n            page: more_data.page\r\n          }));\r\n\r\n          search_box.hide();\r\n          container.show();\r\n          follow_alert.hide();\r\n\r\n          rotateShared(more_data.flights);\r\n\r\n          $('html, body').animate({\r\n              scrollTop: container.offset().top\r\n          }, 300);\r\n\r\n          append_btn_more(more_data.load_more,more_data.params);\r\n\r\n        });\r\n      }\r\n      function more_btn(params) {\r\n        var url = \"https:\/\/aeropuertodepuntadeleste.com.uy\/aeropuertos\/vuelos\/pdp\/busqueda.json\";\r\n        var btn_more = '<a role=\"button\" class=\"btn  btn-secondary\" href=\"'+url+'?offset='+params.offset+'&date_from='+params.date_from+'&date_to='+params.date_to+'&mov='+params.mov+'&destorig='+params.destorig+'&nro='+params.nro+'\" id=\"btn-load-more\">P\u00e1gina seguinte<\/a>';\r\n        return btn_more;\r\n      }\r\n\r\n      $(\".filter-mov\").click(function(e){\r\n        var filter = $(this).data('filter');\r\n        renderVuelos(filter);\r\n      });\r\n\r\n      $(\"#btn-default\").focus();\r\n\r\n    });\r\n  <\/script>\r\n\r\n  <script id=\"vuelos-partial\" type=\"text\/x-handlebars-template\">\r\n  {{#each flights}}\r\n    <tr id=\"flight-row-{{flight_id}}\" class=\"vuelo\">\r\n          <td class=\"vuelo-id\">{{stda}}<\/td>\r\n          <td class=\"vuelo-destinorig\">{{destorig}}<\/td>\r\n          <td class=\"vuelo-logo\"><img decoding=\"async\" class=\"vuelo-logo-img\" src=\"{{logo}}\"><\/td>\r\n          <td class=\"vuelo-numero d-none d-sm-block\">{{nro}}<\/td>\r\n          <td class=\"vuelo-estimado d-none d-sm-block\">{{etda}}<\/td>\r\n          <td class=\"vuelo-arribo d-none d-sm-block\">{{atda}}<\/td>\r\n          <td class=\"vuelo-estado d-none d-sm-block\" style=\"background-color:{{color}};color:white\">{{estes}}<\/td>\r\n          <td class=\"vuelo-estado d-none d-sm-block\">\r\n        {{#unless ..\/search}}\r\n          {{#if seguir}}\r\n          <a class=\"follow\" href=\"javascript:void()\" data-destino=\"{{destorig}}\" data-aerolinea=\"{{aerolinea}}\" data-nro=\"{{nro}}\" data-flight-id=\"{{flight_id}}\"><img loading=\"lazy\" decoding=\"async\" src=\"https:\/\/aeropuertodepuntadeleste.com.uy\/wp-content\/uploads\/2022\/10\/seguir-vuelo.png\" height=\"40\" width=\"40\" title=\"Voc\u00ea receber\u00e1 um e-mail com cada altera\u00e7\u00e3o de status\"\/><\/a>{{else}}N\/A\r\n          {{\/if}}\r\n        {{\/unless}}\r\n      <\/td>\r\n          <td class=\"d-lg-none\" style=\"background-color:{{color}};color:white\"><a data-bs-toggle=\"modal\" data-bs-target=\"#flight-{{flight_id}}\">{{estes}}<br><img decoding=\"async\" src=\"https:\/\/aeropuertodepuntadeleste.com.uy\/wp-content\/uploads\/2023\/12\/ver_mas_pt.png\"\/><\/a><br><\/td>\r\n        <\/tr>\r\n  {{\/each}}\r\n  <\/script>\r\n\r\n  <script id=\"vuelos-template\" type=\"text\/x-handlebars-template\">\r\n  {{#if flights}}\r\n  {{#unless search}}\r\n    <div class=\"container-fluid\">\r\n      <select name=\"flight_id\" size=\"1\">\r\n        <option value=\"\"><\/option>\r\n        {{#each flights}}\r\n        <option value=\"{{flight_id}}\">{{nro}} {{destorig}} - {{stda}}<\/option>\r\n        {{\/each}}\r\n      <\/select>\r\n    <\/div>\r\n  {{else}}\r\n  Resultados - P\u00e1gina: {{page}}\r\n  {{\/unless}}\r\n  <div class=\"table-responsive mt-3\">\r\n    <table class=\"table table-bordered table-striped vuelos\">\r\n      <thead>\r\n        <tr style=\"background-color:#000000;vertical-align:middle\">\r\n          <th style=\"text-align:center; color:white\">Data\/ Hora<\/th>\r\n          <th style=\"text-align:center; color:white\">{{#if search}}Destino\/<br>Origem{{else}}{{#if departure}}Destino{{else}}Origem{{\/if}}{{\/if}}<\/th>\r\n          <th style=\"text-align:center; color:black\">Aer<\/th>\r\n          <th class=\"d-none d-sm-block\" style=\"text-align:center; color:white\">Voo<\/th>\r\n          <th class=\"d-none d-sm-block\" style=\"text-align:center; color:white\">Estima<\/th>\r\n          <th class=\"d-none d-sm-block\" style=\"text-align: center; color:white\">{{#if search}}Partida\/Chegada{{else}}{{#if departure}}Partida{{else}}Chegada{{\/if}}{{\/if}}<\/th>\r\n          <th class=\"d-none d-sm-block\" style=\"text-align:center;color:white\">Status<\/th>\r\n          <th class=\"d-none d-sm-block\" style=\"text-align:center;color:white\">{{#if search}}{{else}}Seguir{{\/if}}<\/th>\r\n          <th class=\"d-lg-none\" style=\"text-align:center;color:white\">Status<\/th>\r\n        <\/tr>\r\n      <\/thead>\r\n      <tbody style=\"text-align:center;vertical-align:middle;font-weight:500\">\r\n        {{> vuelos-row search=search}}\r\n      <\/tbody>\r\n    <\/table>\r\n  <\/div>\r\n    {{#each flights}}\r\n      <div class=\"modal fade\" id=\"flight-{{flight_id}}\" tabindex=\"-1\" aria-labelledby=\"flight-{{flight_id}}\" aria-hidden=\"true\">\r\n        <div class=\"modal-dialog\">\r\n          <div class=\"modal-content\">\r\n            <div class=\"modal-header\">\r\n            <img decoding=\"async\" class=\"vuelo-logo-img\" src=\"{{logo}}\" style=\"width:104px;height:59px;>\r\n              \r\n              <button type=\"button\" class=\"btn-close\" data-bs-dismiss=\"modal\" aria-label=\"Close\"><\/button>\r\n            <\/div>\r\n            <div class=\"modal-body\">\r\n              \r\n            <div class=\"centered\">\r\n              <h5 class=\"modal-title vuelo-numero\">{{nro}}<\/h5>\r\n              <div>Data\/ Hora: {{stda}}<\/div>\r\n              <div>Origem: {{destorig}}<\/div>\r\n              <div>Estima: {{etda}}<\/div>\r\n              <div>Chegada: {{atda}}<\/div>\r\n              <div>Status: {{estes}}<\/div>\r\n              <div>Seguir:\r\n{{#unless ..\/search}}\r\n          {{#if seguir}}\r\n          <a class=\"follow\" href=\"javascript:void()\" data-destino=\"{{destorig}}\" data-aerolinea=\"{{aerolinea}}\" data-nro=\"{{nro}}\" data-flight-id=\"{{flight_id}}\"><img loading=\"lazy\" decoding=\"async\" src=\"https:\/\/aeropuertodepuntadeleste.com.uy\/wp-content\/uploads\/2022\/10\/seguir-vuelo.png\" height=\"40\" width=\"40\" title=\"Receber\u00e1 um email com cada mudan\u00e7a de estado\" data-bs-dismiss=\"modal\"\/><\/a>{{else}}O status deste voo n\u00e3o se aplica a Seguimento\r\n          {{\/if}}\r\n          {{\/unless}}<\/div>\r\n            <\/div>\r\n            <\/div>\r\n            <div class=\"modal-footer\">\r\n              <button type=\"button\" class=\"btn btn-secondary\" data-bs-dismiss=\"modal\">Cerrar<\/button>\r\n            <\/div>\r\n          <\/div>\r\n        <\/div>\r\n      <\/div>\r\n    {{\/each}}\r\n  {{else}}\r\n    <p>Nenhum voo encontrado<\/p>\r\n  {{\/if}}\r\n  <\/script>\r\n\r\n<\/html>\r\n\t\t\t\t<\/div>\n\t\t\t\t<\/div>\n\t\t\t\t<div class=\"elementor-element elementor-element-b773ed2 elementor-widget elementor-widget-spacer\" data-id=\"b773ed2\" data-element_type=\"widget\" data-e-type=\"widget\" data-widget_type=\"spacer.default\">\n\t\t\t\t<div class=\"elementor-widget-container\">\n\t\t\t\t\t\t\t<div class=\"elementor-spacer\">\n\t\t\t<div class=\"elementor-spacer-inner\"><\/div>\n\t\t<\/div>\n\t\t\t\t\t\t<\/div>\n\t\t\t\t<\/div>\n\t\t\t\t<\/div>\n\t\t\t\t<\/div>\n\t\t\t\t<\/div>\n\t\t","protected":false},"excerpt":{"rendered":"<p>Chegadas Partidas Anteriores Seguir voo&nbsp; Nome e Sobrenome Email Seguir Por favor, verifique sua caixa para validar seu endere\u00e7o de e-mail Pesquisar voos Deste At\u00e9 N\u00famero de v\u00f4o Destino\/Origem Mostrar Chegadas e PartidasSomente ChegadasSomente Partidas Pesquisar<\/p>\n","protected":false},"author":1,"featured_media":0,"parent":0,"menu_order":0,"comment_status":"closed","ping_status":"closed","template":"","meta":{"_monsterinsights_skip_tracking":false,"_monsterinsights_sitenote_active":false,"_monsterinsights_sitenote_note":"","_monsterinsights_sitenote_category":0,"footnotes":""},"class_list":["post-17844","page","type-page","status-publish","hentry"],"_links":{"self":[{"href":"https:\/\/aeropuertodepuntadeleste.com.uy\/pt-br\/wp-json\/wp\/v2\/pages\/17844","targetHints":{"allow":["GET"]}}],"collection":[{"href":"https:\/\/aeropuertodepuntadeleste.com.uy\/pt-br\/wp-json\/wp\/v2\/pages"}],"about":[{"href":"https:\/\/aeropuertodepuntadeleste.com.uy\/pt-br\/wp-json\/wp\/v2\/types\/page"}],"author":[{"embeddable":true,"href":"https:\/\/aeropuertodepuntadeleste.com.uy\/pt-br\/wp-json\/wp\/v2\/users\/1"}],"replies":[{"embeddable":true,"href":"https:\/\/aeropuertodepuntadeleste.com.uy\/pt-br\/wp-json\/wp\/v2\/comments?post=17844"}],"version-history":[{"count":8,"href":"https:\/\/aeropuertodepuntadeleste.com.uy\/pt-br\/wp-json\/wp\/v2\/pages\/17844\/revisions"}],"predecessor-version":[{"id":19414,"href":"https:\/\/aeropuertodepuntadeleste.com.uy\/pt-br\/wp-json\/wp\/v2\/pages\/17844\/revisions\/19414"}],"wp:attachment":[{"href":"https:\/\/aeropuertodepuntadeleste.com.uy\/pt-br\/wp-json\/wp\/v2\/media?parent=17844"}],"curies":[{"name":"wp","href":"https:\/\/api.w.org\/{rel}","templated":true}]}}